{"id":327485,"date":"2021-06-28T19:40:41","date_gmt":"2021-06-28T17:40:41","guid":{"rendered":"https:\/\/letutudanza.it\/prodotto\/elfenmuetze"},"modified":"2025-05-22T13:22:34","modified_gmt":"2025-05-22T11:22:34","slug":"elfenmuetze","status":"publish","type":"product","link":"https:\/\/www.letutudanza.it\/de\/prodotto\/elfenmuetze","title":{"rendered":"Elfenm\u00fctze"},"content":{"rendered":"<p>NB Handgefertigtes Produkt, maschinell hergestellt<br \/>\n F\u00fcr andere Farben oder gr\u00f6\u00dfere Mengen kontaktieren Sie den Kundenservice  <\/p>\n","protected":false},"excerpt":{"rendered":"<p>Elfenhut aus Lycra, mit Schaumstoff gepolstert.<br \/>\n Farbe wie auf dem Foto<br \/>\n Einheitsgr\u00f6\u00dfe<\/p>\n","protected":false},"featured_media":322264,"template":"","meta":{"_acf_changed":false},"product_brand":[],"product_cat":[1506,2820,1447],"product_tag":[],"class_list":{"0":"post-327485","1":"product","2":"type-product","3":"status-publish","4":"has-post-thumbnail","6":"product_cat-zubehor-zeigen","7":"product_cat-hute-und-perucken","8":"product_cat-zubehor","9":"pa_brand-dl-tanzkleidung","11":"first","12":"instock","13":"shipping-taxable","14":"purchasable","15":"product-type-simple"},"acf":[],"_links":{"self":[{"href":"https:\/\/www.letutudanza.it\/de\/wp-json\/wp\/v2\/product\/327485","targetHints":{"allow":["GET"]}}],"collection":[{"href":"https:\/\/www.letutudanza.it\/de\/wp-json\/wp\/v2\/product"}],"about":[{"href":"https:\/\/www.letutudanza.it\/de\/wp-json\/wp\/v2\/types\/product"}],"wp:featuredmedia":[{"embeddable":true,"href":"https:\/\/www.letutudanza.it\/de\/wp-json\/wp\/v2\/media\/322264"}],"wp:attachment":[{"href":"https:\/\/www.letutudanza.it\/de\/wp-json\/wp\/v2\/media?parent=327485"}],"wp:term":[{"taxonomy":"product_brand","embeddable":true,"href":"https:\/\/www.letutudanza.it\/de\/wp-json\/wp\/v2\/product_brand?post=327485"},{"taxonomy":"product_cat","embeddable":true,"href":"https:\/\/www.letutudanza.it\/de\/wp-json\/wp\/v2\/product_cat?post=327485"},{"taxonomy":"product_tag","embeddable":true,"href":"https:\/\/www.letutudanza.it\/de\/wp-json\/wp\/v2\/product_tag?post=327485"}],"curies":[{"name":"wp","href":"https:\/\/api.w.org\/{rel}","templated":true}]}}