{"id":327468,"date":"2021-06-28T19:21:56","date_gmt":"2021-06-28T17:21:56","guid":{"rendered":"https:\/\/letutudanza.it\/prodotto\/sporthosen-im-angebot"},"modified":"2024-12-25T12:52:30","modified_gmt":"2024-12-25T11:52:30","slug":"fitness-hosen-angebot-2","status":"publish","type":"product","link":"https:\/\/www.letutudanza.it\/de\/prodotto\/fitness-hosen-angebot-2","title":{"rendered":"Rosa Sporthose"},"content":{"rendered":"<p>Hose mit tiefem Schritt, breites Modell, aus rosa Baumwolle. Modell mit gro\u00dfen Taschen, Tailleng\u00fcrtel und Fu\u00dffesseln.<\/p>\n<p>Erh\u00e4ltlich in Kinder- und Erwachsenengr\u00f6\u00dfen.<\/p>\n","protected":false},"excerpt":{"rendered":"<p>Hose mit tiefem Schritt, breites Modell, aus rosa Baumwolle.<br \/>\nModell mit gro\u00dfen Taschen, Tailleng\u00fcrtel und Fu\u00dffesseln.<\/p>\n<p>Erh\u00e4ltlich in Kinder- und Erwachsenengr\u00f6\u00dfen.<\/p>\n","protected":false},"featured_media":322236,"template":"","meta":{"_acf_changed":false},"product_brand":[],"product_cat":[1511,1451],"product_tag":[],"class_list":{"0":"post-327468","1":"product","2":"type-product","3":"status-publish","4":"has-post-thumbnail","6":"product_cat-bekleidungs-outlet","7":"product_cat-auslauf","8":"pa_brand-dl-tanzkleidung","10":"first","11":"instock","12":"sale","13":"shipping-taxable","14":"purchasable","15":"product-type-variable"},"acf":[],"_links":{"self":[{"href":"https:\/\/www.letutudanza.it\/de\/wp-json\/wp\/v2\/product\/327468","targetHints":{"allow":["GET"]}}],"collection":[{"href":"https:\/\/www.letutudanza.it\/de\/wp-json\/wp\/v2\/product"}],"about":[{"href":"https:\/\/www.letutudanza.it\/de\/wp-json\/wp\/v2\/types\/product"}],"wp:featuredmedia":[{"embeddable":true,"href":"https:\/\/www.letutudanza.it\/de\/wp-json\/wp\/v2\/media\/322236"}],"wp:attachment":[{"href":"https:\/\/www.letutudanza.it\/de\/wp-json\/wp\/v2\/media?parent=327468"}],"wp:term":[{"taxonomy":"product_brand","embeddable":true,"href":"https:\/\/www.letutudanza.it\/de\/wp-json\/wp\/v2\/product_brand?post=327468"},{"taxonomy":"product_cat","embeddable":true,"href":"https:\/\/www.letutudanza.it\/de\/wp-json\/wp\/v2\/product_cat?post=327468"},{"taxonomy":"product_tag","embeddable":true,"href":"https:\/\/www.letutudanza.it\/de\/wp-json\/wp\/v2\/product_tag?post=327468"}],"curies":[{"name":"wp","href":"https:\/\/api.w.org\/{rel}","templated":true}]}}