{"id":327454,"date":"2021-06-28T19:26:33","date_gmt":"2021-06-28T17:26:33","guid":{"rendered":"https:\/\/letutudanza.it\/prodotto\/hiphop-hosen-im-angebot"},"modified":"2024-12-25T12:52:29","modified_gmt":"2024-12-25T11:52:29","slug":"hiphop-hosen-angebot","status":"publish","type":"product","link":"https:\/\/www.letutudanza.it\/de\/prodotto\/hiphop-hosen-angebot","title":{"rendered":"Schwarze HipHop-Hose"},"content":{"rendered":"<p>Hip-Hop-Hose, breites Modell, aus schwarzer Baumwolle.<br \/>\nMulti-Pocket-Modell mit Stahlpantoffeln, verstellbarem Kordelzug in der Taille und an den Kn\u00f6cheln.<\/p>\n","protected":false},"excerpt":{"rendered":"<p>Hip-Hop-Hose, breites Modell.<br \/>\nGro\u00dfe Taschen mit Stahlkeilen, verstellbarer Kordelzug in der Taille und an den Kn\u00f6cheln.<\/p>\n<p>Einheitsgr\u00f6\u00dfe erh\u00e4ltlich f\u00fcr 6\/8 Jahre<\/p>\n","protected":false},"featured_media":322242,"template":"","meta":{"_acf_changed":false},"product_brand":[],"product_cat":[1511,1451],"product_tag":[],"class_list":{"0":"post-327454","1":"product","2":"type-product","3":"status-publish","4":"has-post-thumbnail","6":"product_cat-bekleidungs-outlet","7":"product_cat-auslauf","8":"pa_brand-dl-tanzkleidung","10":"first","11":"instock","12":"sale","13":"shipping-taxable","14":"purchasable","15":"product-type-simple"},"acf":[],"_links":{"self":[{"href":"https:\/\/www.letutudanza.it\/de\/wp-json\/wp\/v2\/product\/327454","targetHints":{"allow":["GET"]}}],"collection":[{"href":"https:\/\/www.letutudanza.it\/de\/wp-json\/wp\/v2\/product"}],"about":[{"href":"https:\/\/www.letutudanza.it\/de\/wp-json\/wp\/v2\/types\/product"}],"wp:featuredmedia":[{"embeddable":true,"href":"https:\/\/www.letutudanza.it\/de\/wp-json\/wp\/v2\/media\/322242"}],"wp:attachment":[{"href":"https:\/\/www.letutudanza.it\/de\/wp-json\/wp\/v2\/media?parent=327454"}],"wp:term":[{"taxonomy":"product_brand","embeddable":true,"href":"https:\/\/www.letutudanza.it\/de\/wp-json\/wp\/v2\/product_brand?post=327454"},{"taxonomy":"product_cat","embeddable":true,"href":"https:\/\/www.letutudanza.it\/de\/wp-json\/wp\/v2\/product_cat?post=327454"},{"taxonomy":"product_tag","embeddable":true,"href":"https:\/\/www.letutudanza.it\/de\/wp-json\/wp\/v2\/product_tag?post=327454"}],"curies":[{"name":"wp","href":"https:\/\/api.w.org\/{rel}","templated":true}]}}