{"id":327443,"date":"2021-06-28T19:18:09","date_gmt":"2021-06-28T17:18:09","guid":{"rendered":"https:\/\/letutudanza.it\/prodotto\/fitnesshose-im-angebot"},"modified":"2024-12-25T12:52:30","modified_gmt":"2024-12-25T11:52:30","slug":"fitness-hosen-angebot","status":"publish","type":"product","link":"https:\/\/www.letutudanza.it\/de\/prodotto\/fitness-hosen-angebot","title":{"rendered":"Hip-Hop-Hose mit Taschen"},"content":{"rendered":"<p>Weite Modellhose aus Baumwolle. Modell mit Seitentasche, verstellbarem Kordelzug in der Taille und an den Kn\u00f6cheln. N\u00e4hte in Kontrastfarbe.<\/p>\n","protected":false},"excerpt":{"rendered":"<p>Lange Hose mit gro\u00dfen Taschen. Verstellbarer Kordelzug an Taille und Kn\u00f6cheln. Gro\u00dfe Tasche auf einem der 2 Beine, N\u00e4hte in Kontrastfarbe.<\/p>\n<p>Erh\u00e4ltlich in der auf den Fotos gezeigten Farbe<\/p>\n","protected":false},"featured_media":322234,"template":"","meta":{"_acf_changed":false},"product_brand":[],"product_cat":[1511,1451],"product_tag":[],"class_list":{"0":"post-327443","1":"product","2":"type-product","3":"status-publish","4":"has-post-thumbnail","6":"product_cat-bekleidungs-outlet","7":"product_cat-auslauf","8":"pa_brand-dl-tanzkleidung","10":"first","11":"instock","12":"sale","13":"shipping-taxable","14":"purchasable","15":"product-type-variable"},"acf":[],"_links":{"self":[{"href":"https:\/\/www.letutudanza.it\/de\/wp-json\/wp\/v2\/product\/327443","targetHints":{"allow":["GET"]}}],"collection":[{"href":"https:\/\/www.letutudanza.it\/de\/wp-json\/wp\/v2\/product"}],"about":[{"href":"https:\/\/www.letutudanza.it\/de\/wp-json\/wp\/v2\/types\/product"}],"wp:featuredmedia":[{"embeddable":true,"href":"https:\/\/www.letutudanza.it\/de\/wp-json\/wp\/v2\/media\/322234"}],"wp:attachment":[{"href":"https:\/\/www.letutudanza.it\/de\/wp-json\/wp\/v2\/media?parent=327443"}],"wp:term":[{"taxonomy":"product_brand","embeddable":true,"href":"https:\/\/www.letutudanza.it\/de\/wp-json\/wp\/v2\/product_brand?post=327443"},{"taxonomy":"product_cat","embeddable":true,"href":"https:\/\/www.letutudanza.it\/de\/wp-json\/wp\/v2\/product_cat?post=327443"},{"taxonomy":"product_tag","embeddable":true,"href":"https:\/\/www.letutudanza.it\/de\/wp-json\/wp\/v2\/product_tag?post=327443"}],"curies":[{"name":"wp","href":"https:\/\/api.w.org\/{rel}","templated":true}]}}