{"id":327440,"date":"2021-06-28T19:23:44","date_gmt":"2021-06-28T17:23:44","guid":{"rendered":"https:\/\/letutudanza.it\/prodotto\/sporthose-im-angebot"},"modified":"2024-12-25T12:52:29","modified_gmt":"2024-12-25T11:52:29","slug":"fitness-hosen-angebot-3","status":"publish","type":"product","link":"https:\/\/www.letutudanza.it\/de\/prodotto\/fitness-hosen-angebot-3","title":{"rendered":"Orangefarbene Sporthose"},"content":{"rendered":"<p>Hose mit tiefem Schritt, breites Modell, aus orangefarbener Baumwolle. Modell mit gro\u00dfen Taschen, Tailleng\u00fcrtel und Fu\u00dffesseln. Danzacqua-Logo mit Strasssteinen am Bein.<\/p>\n","protected":false},"excerpt":{"rendered":"<p>Hose mit tiefem Schritt und gro\u00dfen Taschen auf der R\u00fcckseite.<br \/>\nTailleng\u00fcrtel und Fu\u00dffesseln. Danzacqua-Logo mit Strasssteinen entlang des Beins.<\/p>\n<p>&nbsp;<\/p>\n","protected":false},"featured_media":322240,"template":"","meta":{"_acf_changed":false},"product_brand":[],"product_cat":[1451,1511],"product_tag":[],"class_list":{"0":"post-327440","1":"product","2":"type-product","3":"status-publish","4":"has-post-thumbnail","6":"product_cat-auslauf","7":"product_cat-bekleidungs-outlet","8":"pa_brand-dl-tanzkleidung","10":"first","11":"instock","12":"sale","13":"shipping-taxable","14":"purchasable","15":"product-type-simple"},"acf":[],"_links":{"self":[{"href":"https:\/\/www.letutudanza.it\/de\/wp-json\/wp\/v2\/product\/327440","targetHints":{"allow":["GET"]}}],"collection":[{"href":"https:\/\/www.letutudanza.it\/de\/wp-json\/wp\/v2\/product"}],"about":[{"href":"https:\/\/www.letutudanza.it\/de\/wp-json\/wp\/v2\/types\/product"}],"wp:featuredmedia":[{"embeddable":true,"href":"https:\/\/www.letutudanza.it\/de\/wp-json\/wp\/v2\/media\/322240"}],"wp:attachment":[{"href":"https:\/\/www.letutudanza.it\/de\/wp-json\/wp\/v2\/media?parent=327440"}],"wp:term":[{"taxonomy":"product_brand","embeddable":true,"href":"https:\/\/www.letutudanza.it\/de\/wp-json\/wp\/v2\/product_brand?post=327440"},{"taxonomy":"product_cat","embeddable":true,"href":"https:\/\/www.letutudanza.it\/de\/wp-json\/wp\/v2\/product_cat?post=327440"},{"taxonomy":"product_tag","embeddable":true,"href":"https:\/\/www.letutudanza.it\/de\/wp-json\/wp\/v2\/product_tag?post=327440"}],"curies":[{"name":"wp","href":"https:\/\/api.w.org\/{rel}","templated":true}]}}