{"id":327428,"date":"2021-06-28T19:35:32","date_gmt":"2021-06-28T17:35:32","guid":{"rendered":"https:\/\/letutudanza.it\/prodotto\/spanischer-stierkaempferhut"},"modified":"2025-05-22T13:22:42","modified_gmt":"2025-05-22T11:22:42","slug":"spanischer-stierkaempferhut","status":"publish","type":"product","link":"https:\/\/www.letutudanza.it\/de\/prodotto\/spanischer-stierkaempferhut","title":{"rendered":"Stierk\u00e4mpferhut"},"content":{"rendered":"<p>Spanischer Stierk\u00e4mpferhut. Starres Modell, innen gef\u00fcttert. Aus Wolle und mit schwarzer Trinette vollendet.<\/p>\n<p>Einheitsgr\u00f6\u00dfe<\/p>\n","protected":false},"excerpt":{"rendered":"<p>Starrer Hut aus schwarzem Filz<br \/>\n Mit goldener Spitze veredelt<\/p>\n<p> Einheitsgr\u00f6\u00dfe<\/p>\n","protected":false},"featured_media":469817,"template":"","meta":{"_acf_changed":false},"product_brand":[],"product_cat":[1506,2820,1447],"product_tag":[],"class_list":{"0":"post-327428","1":"product","2":"type-product","3":"status-publish","4":"has-post-thumbnail","6":"product_cat-zubehor-zeigen","7":"product_cat-hute-und-perucken","8":"product_cat-zubehor","9":"pa_brand-dl-tanzkleidung","11":"first","12":"instock","13":"shipping-taxable","14":"purchasable","15":"product-type-simple"},"acf":[],"_links":{"self":[{"href":"https:\/\/www.letutudanza.it\/de\/wp-json\/wp\/v2\/product\/327428","targetHints":{"allow":["GET"]}}],"collection":[{"href":"https:\/\/www.letutudanza.it\/de\/wp-json\/wp\/v2\/product"}],"about":[{"href":"https:\/\/www.letutudanza.it\/de\/wp-json\/wp\/v2\/types\/product"}],"wp:featuredmedia":[{"embeddable":true,"href":"https:\/\/www.letutudanza.it\/de\/wp-json\/wp\/v2\/media\/469817"}],"wp:attachment":[{"href":"https:\/\/www.letutudanza.it\/de\/wp-json\/wp\/v2\/media?parent=327428"}],"wp:term":[{"taxonomy":"product_brand","embeddable":true,"href":"https:\/\/www.letutudanza.it\/de\/wp-json\/wp\/v2\/product_brand?post=327428"},{"taxonomy":"product_cat","embeddable":true,"href":"https:\/\/www.letutudanza.it\/de\/wp-json\/wp\/v2\/product_cat?post=327428"},{"taxonomy":"product_tag","embeddable":true,"href":"https:\/\/www.letutudanza.it\/de\/wp-json\/wp\/v2\/product_tag?post=327428"}],"curies":[{"name":"wp","href":"https:\/\/api.w.org\/{rel}","templated":true}]}}