{"id":327412,"date":"2021-06-28T17:52:14","date_gmt":"2021-06-28T15:52:14","guid":{"rendered":"https:\/\/letutudanza.it\/prodotto\/bloch-organizer-tasche"},"modified":"2026-04-21T13:53:05","modified_gmt":"2026-04-21T11:53:05","slug":"taschenorganizer-bloch","status":"publish","type":"product","link":"https:\/\/www.letutudanza.it\/de\/prodotto\/taschenorganizer-bloch","title":{"rendered":"Bloch Organizer-Tasche"},"content":{"rendered":"<p>Der tragbare Organizer von Bloch ist eine Tasche, in der Spitzenschuhe, Spitzen, Accessoires und alle Gegenst\u00e4nde, die eine T\u00e4nzerin ben\u00f6tigt, griffbereit aufbewahrt werden k\u00f6nnen.Ausgestattet mit 4 Rei\u00dfverschlusstaschen und einem Riemen (mit aufgedrucktem Bloch-Logo), der das Schlie\u00dfen erleichtert und sicherer macht -Typ Haken angebracht, sehr n\u00fctzlich zum einfachen Aufh\u00e4ngen \u00fcberall: Umkleidekabinen, Umkleidekabinen oder in Kleiderschr\u00e4nken.<\/p>\n<p>Ma\u00dfe \u2013 H\u00f6he: 28 cm.<br \/>\nBreite: 14 cm geschlossen, 52 cm offen<\/p>\n<p>Material: 100 % Nylon<\/p>\n","protected":false},"excerpt":{"rendered":"<p>Der tragbare Organizer von Bloch ist eine Tasche zur Aufbewahrung von Schuhen, Accessoires und allen anderen wichtigen Dingen, die ein T\u00e4nzer ben\u00f6tigt. Sie verf\u00fcgt \u00fcber vier Rei\u00dfverschlusstaschen und einen Riemen (mit dem Bloch-Logo bedruckt) f\u00fcr einfaches Verschlie\u00dfen und zus\u00e4tzliche Sicherheit.<br \/>\n Ausgestattet mit einem Kleiderhaken, der das Aufh\u00e4ngen \u00fcberall erleichtert (in Umkleidekabinen, Garderoben oder im Kleiderschrank).<br \/>\n Material: 100 % Nylon <\/p>\n<p>Ma\u00dfnahmen:<br \/>\n H\u00f6he &#8211; 28 cm.<br \/>\n Breite: 14 cm geschlossen, 52 cm ge\u00f6ffnet<\/p>\n<p>&nbsp;<\/p>\n","protected":false},"featured_media":322150,"template":"","meta":{"_acf_changed":false},"product_brand":[],"product_cat":[1505,1470,1447],"product_tag":[],"class_list":{"0":"post-327412","1":"product","2":"type-product","3":"status-publish","4":"has-post-thumbnail","6":"product_cat-tanztaschen-und-tutu-tasche","7":"product_cat-geschenkideen","8":"product_cat-zubehor","9":"pa_brand-bloch-de","11":"first","12":"outofstock","13":"shipping-taxable","14":"purchasable","15":"product-type-simple"},"acf":[],"_links":{"self":[{"href":"https:\/\/www.letutudanza.it\/de\/wp-json\/wp\/v2\/product\/327412","targetHints":{"allow":["GET"]}}],"collection":[{"href":"https:\/\/www.letutudanza.it\/de\/wp-json\/wp\/v2\/product"}],"about":[{"href":"https:\/\/www.letutudanza.it\/de\/wp-json\/wp\/v2\/types\/product"}],"wp:featuredmedia":[{"embeddable":true,"href":"https:\/\/www.letutudanza.it\/de\/wp-json\/wp\/v2\/media\/322150"}],"wp:attachment":[{"href":"https:\/\/www.letutudanza.it\/de\/wp-json\/wp\/v2\/media?parent=327412"}],"wp:term":[{"taxonomy":"product_brand","embeddable":true,"href":"https:\/\/www.letutudanza.it\/de\/wp-json\/wp\/v2\/product_brand?post=327412"},{"taxonomy":"product_cat","embeddable":true,"href":"https:\/\/www.letutudanza.it\/de\/wp-json\/wp\/v2\/product_cat?post=327412"},{"taxonomy":"product_tag","embeddable":true,"href":"https:\/\/www.letutudanza.it\/de\/wp-json\/wp\/v2\/product_tag?post=327412"}],"curies":[{"name":"wp","href":"https:\/\/api.w.org\/{rel}","templated":true}]}}