{"id":327288,"date":"2021-06-27T22:42:49","date_gmt":"2021-06-27T20:42:49","guid":{"rendered":"https:\/\/letutudanza.it\/prodotto\/bunheads-massageball"},"modified":"2024-12-25T12:52:33","modified_gmt":"2024-12-25T11:52:33","slug":"bunheads-massageball","status":"publish","type":"product","link":"https:\/\/www.letutudanza.it\/de\/prodotto\/bunheads-massageball","title":{"rendered":"Bunheads Massageball"},"content":{"rendered":"<p>Ideal zum verbessern <span class=\"Y2IQFc\" lang=\"it\">Flexibilit\u00e4t und Bewegung. Rollen Sie den Ball einfach \u00fcber Problemstellen an Ihrem K\u00f6rper, um tiefe Gewebeknoten und Verspannungen zu l\u00f6sen.<br \/>\n\u00dcben Sie zur Linderung leichten Druck aus, aber vermeiden Sie es, zu stark zu dr\u00fccken, um unerw\u00fcnschte Schmerzen zu verursachen.<br \/>\nMaterial: Silikon<\/span><\/p>\n","protected":false},"excerpt":{"rendered":"<p><span class=\"Y2IQFc\" lang=\"it\">Capezio Massageball. <\/span><span class=\"Y2IQFc\" lang=\"it\">Verbessern Sie Flexibilit\u00e4t und Bewegung. Rollen Sie den Ball einfach \u00fcber Problemstellen an Ihrem K\u00f6rper, um tiefe Gewebeknoten und Verspannungen zu l\u00f6sen. \u00dcben Sie zur Linderung leichten Druck aus, aber vermeiden Sie es, zu stark zu dr\u00fccken, um unerw\u00fcnschte Schmerzen zu verursachen. Material: Silikon Farbe: Blau<\/span><\/p>\n","protected":false},"featured_media":322142,"template":"","meta":{"_acf_changed":false},"product_brand":[],"product_cat":[1449,1447],"product_tag":[],"class_list":{"0":"post-327288","1":"product","2":"type-product","3":"status-publish","4":"has-post-thumbnail","6":"product_cat-dehnen-und-trainieren","7":"product_cat-zubehor","8":"pa_brand-bunheads-de","10":"first","11":"instock","12":"shipping-taxable","13":"purchasable","14":"product-type-simple"},"acf":[],"_links":{"self":[{"href":"https:\/\/www.letutudanza.it\/de\/wp-json\/wp\/v2\/product\/327288","targetHints":{"allow":["GET"]}}],"collection":[{"href":"https:\/\/www.letutudanza.it\/de\/wp-json\/wp\/v2\/product"}],"about":[{"href":"https:\/\/www.letutudanza.it\/de\/wp-json\/wp\/v2\/types\/product"}],"wp:featuredmedia":[{"embeddable":true,"href":"https:\/\/www.letutudanza.it\/de\/wp-json\/wp\/v2\/media\/322142"}],"wp:attachment":[{"href":"https:\/\/www.letutudanza.it\/de\/wp-json\/wp\/v2\/media?parent=327288"}],"wp:term":[{"taxonomy":"product_brand","embeddable":true,"href":"https:\/\/www.letutudanza.it\/de\/wp-json\/wp\/v2\/product_brand?post=327288"},{"taxonomy":"product_cat","embeddable":true,"href":"https:\/\/www.letutudanza.it\/de\/wp-json\/wp\/v2\/product_cat?post=327288"},{"taxonomy":"product_tag","embeddable":true,"href":"https:\/\/www.letutudanza.it\/de\/wp-json\/wp\/v2\/product_tag?post=327288"}],"curies":[{"name":"wp","href":"https:\/\/api.w.org\/{rel}","templated":true}]}}