{"id":327199,"date":"2021-06-23T11:42:06","date_gmt":"2021-06-23T09:42:06","guid":{"rendered":"https:\/\/letutudanza.it\/prodotto\/wasser-tanz-schuhueberzuege"},"modified":"2024-12-25T12:52:33","modified_gmt":"2024-12-25T11:52:33","slug":"lycra-skate-uberzuge","status":"publish","type":"product","link":"https:\/\/www.letutudanza.it\/de\/prodotto\/lycra-skate-uberzuge","title":{"rendered":"Lycra-Skate-\u00dcberz\u00fcge"},"content":{"rendered":"<p>Schlittschuh\u00fcberz\u00fcge aus Lycra<br \/>\n(Preis pro Paar vorgesehen)<\/p>\n","protected":false},"excerpt":{"rendered":"<p>Skate-\u00dcberz\u00fcge aus Lycra (Preis pro Paar)<\/p>\n","protected":false},"featured_media":322140,"template":"","meta":{"_acf_changed":false},"product_brand":[],"product_cat":[1447,1448],"product_tag":[],"class_list":{"0":"post-327199","1":"product","2":"type-product","3":"status-publish","4":"has-post-thumbnail","6":"product_cat-zubehor","7":"product_cat-zubehor-fur-schuhe-und-fusse","8":"pa_brand-dl-tanzkleidung","10":"first","11":"instock","12":"shipping-taxable","13":"purchasable","14":"product-type-variable"},"acf":[],"_links":{"self":[{"href":"https:\/\/www.letutudanza.it\/de\/wp-json\/wp\/v2\/product\/327199","targetHints":{"allow":["GET"]}}],"collection":[{"href":"https:\/\/www.letutudanza.it\/de\/wp-json\/wp\/v2\/product"}],"about":[{"href":"https:\/\/www.letutudanza.it\/de\/wp-json\/wp\/v2\/types\/product"}],"wp:featuredmedia":[{"embeddable":true,"href":"https:\/\/www.letutudanza.it\/de\/wp-json\/wp\/v2\/media\/322140"}],"wp:attachment":[{"href":"https:\/\/www.letutudanza.it\/de\/wp-json\/wp\/v2\/media?parent=327199"}],"wp:term":[{"taxonomy":"product_brand","embeddable":true,"href":"https:\/\/www.letutudanza.it\/de\/wp-json\/wp\/v2\/product_brand?post=327199"},{"taxonomy":"product_cat","embeddable":true,"href":"https:\/\/www.letutudanza.it\/de\/wp-json\/wp\/v2\/product_cat?post=327199"},{"taxonomy":"product_tag","embeddable":true,"href":"https:\/\/www.letutudanza.it\/de\/wp-json\/wp\/v2\/product_tag?post=327199"}],"curies":[{"name":"wp","href":"https:\/\/api.w.org\/{rel}","templated":true}]}}