{"id":327179,"date":"2021-06-17T11:38:13","date_gmt":"2021-06-17T09:38:13","guid":{"rendered":"https:\/\/letutudanza.it\/prodotto\/pridance-wandelbare-strumpfhose-60-den"},"modified":"2026-03-20T14:39:31","modified_gmt":"2026-03-20T13:39:31","slug":"pridance-wandelbare-strumpfhose-60-den","status":"publish","type":"product","link":"https:\/\/www.letutudanza.it\/de\/prodotto\/pridance-wandelbare-strumpfhose-60-den","title":{"rendered":"Wandelbare Tanzstrumpfhose 60 Den Pridance"},"content":{"rendered":"<p>Super bequeme 3D-Wendestrumpfhose aus weicher 60 den Mikrofaser mit Loch unter der Sohle<br \/>\nAusgestattet mit einem elastischen Bund, der es erm\u00f6glicht, perfekt am K\u00f6rper zu haften<\/p>\n<p>Zusammensetzung: 85 % POLYAMID 15 % ELASTHAN<\/p>\n<p><strong>Hinweis:<\/strong> Umtausch und\/oder R\u00fcckgabe sind f\u00fcr diesen Artikel nicht m\u00f6glich<\/p>\n","protected":false},"excerpt":{"rendered":"<p>Super bequeme 3D-Wandstrumpfhose aus weicher 60-Denier-Mikrofaser mit Loch unter der Sohle<br \/>\n Ausgestattet mit einem elastischen Bund, der f\u00fcr eine perfekte Passform am K\u00f6rper sorgt<br \/>\n Zusammensetzung: 85 % POLYAMID 15 % ELASTHAN<\/p>\n<p> Erh\u00e4ltlich in Rosa und Wei\u00df<\/p>\n<p> <strong>Hinweis:<\/strong> Umtausch und\/oder R\u00fcckgabe dieses Artikels sind nicht m\u00f6glich.<\/p>\n","protected":false},"featured_media":483380,"template":"","meta":{"_acf_changed":false},"product_brand":[],"product_cat":[1450],"product_tag":[],"class_list":{"0":"post-327179","1":"product","2":"type-product","3":"status-publish","4":"has-post-thumbnail","6":"product_cat-tanz-und-tanzsocken","7":"pa_brand-pridance-de","9":"first","10":"instock","11":"shipping-taxable","12":"purchasable","13":"product-type-variable"},"acf":[],"_links":{"self":[{"href":"https:\/\/www.letutudanza.it\/de\/wp-json\/wp\/v2\/product\/327179","targetHints":{"allow":["GET"]}}],"collection":[{"href":"https:\/\/www.letutudanza.it\/de\/wp-json\/wp\/v2\/product"}],"about":[{"href":"https:\/\/www.letutudanza.it\/de\/wp-json\/wp\/v2\/types\/product"}],"wp:featuredmedia":[{"embeddable":true,"href":"https:\/\/www.letutudanza.it\/de\/wp-json\/wp\/v2\/media\/483380"}],"wp:attachment":[{"href":"https:\/\/www.letutudanza.it\/de\/wp-json\/wp\/v2\/media?parent=327179"}],"wp:term":[{"taxonomy":"product_brand","embeddable":true,"href":"https:\/\/www.letutudanza.it\/de\/wp-json\/wp\/v2\/product_brand?post=327179"},{"taxonomy":"product_cat","embeddable":true,"href":"https:\/\/www.letutudanza.it\/de\/wp-json\/wp\/v2\/product_cat?post=327179"},{"taxonomy":"product_tag","embeddable":true,"href":"https:\/\/www.letutudanza.it\/de\/wp-json\/wp\/v2\/product_tag?post=327179"}],"curies":[{"name":"wp","href":"https:\/\/api.w.org\/{rel}","templated":true}]}}