{"id":327134,"date":"2021-06-18T15:25:40","date_gmt":"2021-06-18T13:25:40","guid":{"rendered":"https:\/\/letutudanza.it\/prodotto\/body-mieder-nude-effekt"},"modified":"2025-09-24T10:11:05","modified_gmt":"2025-09-24T08:11:05","slug":"body-mieder-nude-effekt","status":"publish","type":"product","link":"https:\/\/www.letutudanza.it\/de\/prodotto\/body-mieder-nude-effekt","title":{"rendered":"Tanztrikot mit Oberteil in Nude-Optik"},"content":{"rendered":"<p>Hinweis: Der Body wird mit nur auf der Vorderseite angen\u00e4hten Tr\u00e4gern geliefert.<\/p>\n","protected":false},"excerpt":{"rendered":"<p>Bodysuit mit herzf\u00f6rmigem Ausschnitt und verstellbaren Tr\u00e4gern: hervorragend zum Tragen unter transparenten oder weniger st\u00fctzenden Kost\u00fcmen.<br \/>\n Auch ideal f\u00fcr zeitgen\u00f6ssische Auftritte, da es vorne gef\u00fcttert und nicht durchsichtig ist.<\/p>\n","protected":false},"featured_media":478067,"template":"","meta":{"_acf_changed":false},"product_brand":[],"product_cat":[1443],"product_tag":[],"class_list":{"0":"post-327134","1":"product","2":"type-product","3":"status-publish","4":"has-post-thumbnail","6":"product_cat-tanzunterwasche-und-unterwasche","7":"pa_brand-dl-tanzkleidung","9":"first","10":"instock","11":"shipping-taxable","12":"purchasable","13":"product-type-variable"},"acf":[],"_links":{"self":[{"href":"https:\/\/www.letutudanza.it\/de\/wp-json\/wp\/v2\/product\/327134","targetHints":{"allow":["GET"]}}],"collection":[{"href":"https:\/\/www.letutudanza.it\/de\/wp-json\/wp\/v2\/product"}],"about":[{"href":"https:\/\/www.letutudanza.it\/de\/wp-json\/wp\/v2\/types\/product"}],"wp:featuredmedia":[{"embeddable":true,"href":"https:\/\/www.letutudanza.it\/de\/wp-json\/wp\/v2\/media\/478067"}],"wp:attachment":[{"href":"https:\/\/www.letutudanza.it\/de\/wp-json\/wp\/v2\/media?parent=327134"}],"wp:term":[{"taxonomy":"product_brand","embeddable":true,"href":"https:\/\/www.letutudanza.it\/de\/wp-json\/wp\/v2\/product_brand?post=327134"},{"taxonomy":"product_cat","embeddable":true,"href":"https:\/\/www.letutudanza.it\/de\/wp-json\/wp\/v2\/product_cat?post=327134"},{"taxonomy":"product_tag","embeddable":true,"href":"https:\/\/www.letutudanza.it\/de\/wp-json\/wp\/v2\/product_tag?post=327134"}],"curies":[{"name":"wp","href":"https:\/\/api.w.org\/{rel}","templated":true}]}}