{"id":326899,"date":"2021-06-16T15:59:45","date_gmt":"2021-06-16T13:59:45","guid":{"rendered":"https:\/\/letutudanza.it\/prodotto\/klassische-strumpfhose-von-capezio"},"modified":"2025-10-23T16:34:25","modified_gmt":"2025-10-23T14:34:25","slug":"capezio-classic-strumpfhose","status":"publish","type":"product","link":"https:\/\/www.letutudanza.it\/de\/prodotto\/capezio-classic-strumpfhose","title":{"rendered":"Capezio klassische Tanzstrumpfhose"},"content":{"rendered":"<p>Tanzstrumpfhose in der klassischen Farbe Pink, elastischer Bund und Zwickel im Schritt.<br \/>\nAus weicher Mikrofaser.<\/p>\n<p>NB: Umtausch und\/oder R\u00fcckgabe f\u00fcr diese Art von Artikeln sind nicht m\u00f6glich<\/p>\n","protected":false},"excerpt":{"rendered":"<p>Klassische rosa Tanzstrumpfhose, elastischer Bund und Zwickel im Schritt.<br \/>\n Aus weicher Mikrofaser.<\/p>\n<p> Hinweis: F\u00fcr diesen Artikeltyp ist kein Umtausch und\/oder keine R\u00fcckgabe m\u00f6glich.<\/p>\n","protected":false},"featured_media":325928,"template":"","meta":{"_acf_changed":false},"product_brand":[],"product_cat":[1450],"product_tag":[],"class_list":{"0":"post-326899","1":"product","2":"type-product","3":"status-publish","4":"has-post-thumbnail","6":"product_cat-tanz-und-tanzsocken","7":"pa_brand-capezio-de","9":"first","10":"instock","11":"shipping-taxable","12":"purchasable","13":"product-type-variable"},"acf":[],"_links":{"self":[{"href":"https:\/\/www.letutudanza.it\/de\/wp-json\/wp\/v2\/product\/326899","targetHints":{"allow":["GET"]}}],"collection":[{"href":"https:\/\/www.letutudanza.it\/de\/wp-json\/wp\/v2\/product"}],"about":[{"href":"https:\/\/www.letutudanza.it\/de\/wp-json\/wp\/v2\/types\/product"}],"wp:featuredmedia":[{"embeddable":true,"href":"https:\/\/www.letutudanza.it\/de\/wp-json\/wp\/v2\/media\/325928"}],"wp:attachment":[{"href":"https:\/\/www.letutudanza.it\/de\/wp-json\/wp\/v2\/media?parent=326899"}],"wp:term":[{"taxonomy":"product_brand","embeddable":true,"href":"https:\/\/www.letutudanza.it\/de\/wp-json\/wp\/v2\/product_brand?post=326899"},{"taxonomy":"product_cat","embeddable":true,"href":"https:\/\/www.letutudanza.it\/de\/wp-json\/wp\/v2\/product_cat?post=326899"},{"taxonomy":"product_tag","embeddable":true,"href":"https:\/\/www.letutudanza.it\/de\/wp-json\/wp\/v2\/product_tag?post=326899"}],"curies":[{"name":"wp","href":"https:\/\/api.w.org\/{rel}","templated":true}]}}