{"id":326898,"date":"2021-06-18T15:20:12","date_gmt":"2021-06-18T13:20:12","guid":{"rendered":"https:\/\/letutudanza.it\/prodotto\/nude-effekt-bodysuit-mit-pistagnina"},"modified":"2025-09-24T10:10:05","modified_gmt":"2025-09-24T08:10:05","slug":"korper-mit-pistagnina-nude-effekt","status":"publish","type":"product","link":"https:\/\/www.letutudanza.it\/de\/prodotto\/korper-mit-pistagnina-nude-effekt","title":{"rendered":"Tanztrikot mit Pistagnina-Nude-Effekt"},"content":{"rendered":"","protected":false},"excerpt":{"rendered":"<p>Bodysuit mit hoher Paspelierung, Tropfenform auf der R\u00fcckseite und verstellbaren Schn\u00fcrsenkeln.<br \/>\n Ideal zum Tragen unter transparenten oder leicht st\u00fctzenden Kost\u00fcmen. Auch ideal f\u00fcr zeitgen\u00f6ssische Shows, da es gef\u00fcttert und nicht transparent ist.<\/p>\n","protected":false},"featured_media":478401,"template":"","meta":{"_acf_changed":false},"product_brand":[],"product_cat":[1443],"product_tag":[],"class_list":{"0":"post-326898","1":"product","2":"type-product","3":"status-publish","4":"has-post-thumbnail","6":"product_cat-tanzunterwasche-und-unterwasche","7":"pa_brand-dl-tanzkleidung","9":"first","10":"instock","11":"shipping-taxable","12":"purchasable","13":"product-type-variable"},"acf":[],"_links":{"self":[{"href":"https:\/\/www.letutudanza.it\/de\/wp-json\/wp\/v2\/product\/326898","targetHints":{"allow":["GET"]}}],"collection":[{"href":"https:\/\/www.letutudanza.it\/de\/wp-json\/wp\/v2\/product"}],"about":[{"href":"https:\/\/www.letutudanza.it\/de\/wp-json\/wp\/v2\/types\/product"}],"wp:featuredmedia":[{"embeddable":true,"href":"https:\/\/www.letutudanza.it\/de\/wp-json\/wp\/v2\/media\/478401"}],"wp:attachment":[{"href":"https:\/\/www.letutudanza.it\/de\/wp-json\/wp\/v2\/media?parent=326898"}],"wp:term":[{"taxonomy":"product_brand","embeddable":true,"href":"https:\/\/www.letutudanza.it\/de\/wp-json\/wp\/v2\/product_brand?post=326898"},{"taxonomy":"product_cat","embeddable":true,"href":"https:\/\/www.letutudanza.it\/de\/wp-json\/wp\/v2\/product_cat?post=326898"},{"taxonomy":"product_tag","embeddable":true,"href":"https:\/\/www.letutudanza.it\/de\/wp-json\/wp\/v2\/product_tag?post=326898"}],"curies":[{"name":"wp","href":"https:\/\/api.w.org\/{rel}","templated":true}]}}