{"id":482943,"date":"2026-02-21T17:07:02","date_gmt":"2026-02-21T16:07:02","guid":{"rendered":"https:\/\/www.letutudanza.it\/ueber-uns-le-tutu-danza-tanzgeschaeft-und-schneiderei"},"modified":"2026-02-21T18:09:14","modified_gmt":"2026-02-21T17:09:14","slug":"ueber-uns-le-tutu-danza-tanzgeschaeft-und-schneiderei","status":"publish","type":"page","link":"https:\/\/www.letutudanza.it\/de\/ueber-uns-le-tutu-danza-tanzgeschaeft-und-schneiderei","title":{"rendered":"\u00dcber uns \u2013 Tanzgesch\u00e4ft und Schneiderei"},"content":{"rendered":"\n<p>Le Tut\u00f9 Danza ist ein Gesch\u00e4ft, das sich auf den Online-Verkauf von <a href=\"https:\/\/www.letutudanza.it\/de\/produkte\/kleidung\">Tanzbekleidung<\/a> und Accessoires spezialisiert hat. Es verf\u00fcgt \u00fcber ein Ladengesch\u00e4ft im Raum Neapel und einen Online-Shop <a href=\"https:\/\/www.letutudanza.it\/de\/produkte\/zubehor\">,<\/a> der in ganz Italien aktiv ist. Seit Jahren sind wir ein verl\u00e4sslicher Partner f\u00fcr T\u00e4nzer, Tanzschulen, Akademien und Theatergruppen, die Wert auf Qualit\u00e4t, Professionalit\u00e4t und spezialisierte Beratung legen.<\/p>\n\n<h2 class=\"wp-block-heading\">Online-Verkauf und Ladengesch\u00e4ft<\/h2>\n\n<p>\n  Neben unserem Gesch\u00e4ft in Kampanien (genauer gesagt in Casoria in der Provinz Neapel) verkaufen wir auch online.\n Wir bieten schnellen Versand und engagierten Kundenservice. Unser E-Commerce-Angebot erm\u00f6glicht es Schulen und Privatpersonen, bequem einzukaufen.\n <a href=\"\/?product_cat=abbigliamento-danzacategorai\">Tanzk\u00f6rper<\/a>\n <a href=\"https:\/\/www.letutudanza.it\/de\/produkte\/schuhe\">Spitzenschuhe<\/a>\n <a href=\"https:\/\/www.letutudanza.it\/de\/produkte\/tanz-und-tanzsocken\">Halbspitzen und Str\u00fcmpfe<\/a> ,\n <a href=\"https:\/\/www.letutudanza.it\/de\/produkte\/kostumdesign\">Tutu<\/a> ,\n <a href=\"https:\/\/www.letutudanza.it\/de\/produkte\/kleidung\/sich-warm-laufen\">Aufw\u00e4rmkleidung<\/a> und professionelle Ausr\u00fcstung f\u00fcr jede Tanzrichtung: klassischer, moderner, zeitgen\u00f6ssischer und Hip-Hop-Tanz. \n<\/p>\n\n<h2 class=\"wp-block-heading\">Unsere hauseigene Schneiderei und die Marke DL Dancewear<\/h2>\n\n<p>Unser Alleinstellungsmerkmal ist unsere <a href=\"https:\/\/www.letutudanza.it\/de\/hauseigene-schneiderei-massgeschneiderte-kostueme-und-tanztrikots-in-neapel.html\">hauseigene Schneiderei<\/a> , in der wir unsere eigene Marke <strong><a href=\"https:\/\/www.letutudanza.it\/de\/brand\/dl-tanzkleidung\">DL Dancewear<\/a><\/strong> direkt produzieren. Dadurch k\u00f6nnen wir ma\u00dfgeschneiderte Tanzbekleidung anfertigen, Trikots und Kost\u00fcme personalisieren, spezielle Kollektionen f\u00fcr Tanzschulen entwerfen und Outfits f\u00fcr Auff\u00fchrungen, Wettbewerbe und Jahresabschlussauff\u00fchrungen vorbereiten. <\/p>\n\n<p>\n  Dank unserer Eigenfertigung k\u00f6nnen wir Qualit\u00e4tskontrolle und perfekte Passform garantieren.\n und ma\u00dfgeschneiderte L\u00f6sungen f\u00fcr gro\u00dfe Gruppen, Lehrer und professionelle Unternehmen.\n  <\/p>\n\n<h2 class=\"wp-block-heading\">Referenzpunkt f\u00fcr Tanzschulen in ganz Italien<\/h2>\n\n<p>Le Tut\u00f9 Danza ist heute ein Bezugspunkt f\u00fcr viele Tanzschulen in der Region Kampanien und in ganz Italien. Wir arbeiten regelm\u00e4\u00dfig mit Akademien, Unternehmen und Theatern zusammen und bieten \u00fcber unser <a href=\"https:\/\/www.letutudanza.it\/de\/schulprogramm\">Schulprogramm<\/a> ma\u00dfgeschneiderte Lieferungen, technische Beratung und exklusive Konditionen an.   <\/p>\n\n<p>\n  Unsere Erfahrung in diesem Sektor und unsere Kenntnisse der Bildungsbed\u00fcrfnisse erm\u00f6glichen es uns,\n Wir unterst\u00fctzen jede Schule bei der Auswahl der am besten geeigneten Produkte f\u00fcr ihre Sch\u00fcler.\n Qualit\u00e4t, Kontinuit\u00e4t und Unterst\u00fctzung \u00fcber die gesamte Laufzeit hinweg gew\u00e4hrleisten.\n  <\/p>\n\n<h2 class=\"wp-block-heading\">Unsere Mission<\/h2>\n\n<p>\n  Wir glauben, dass sich jede T\u00e4nzerin in ihren Bewegungen selbstbewusst, elegant und frei f\u00fchlen sollte.\n Aus diesem Grund w\u00e4hlen wir hochwertige technische Materialien aus und fertigen daraus Kleidungsst\u00fccke.\n die \u00c4sthetik, Komfort und Widerstandsf\u00e4higkeit vereinen.\n  <\/p>\n\n<p>Egal ob Sie Lehrer, Tanzschule oder T\u00e4nzer auf der Suche nach dem perfekten Trikot sind, <a href=\"https:\/\/www.letutudanza.it\/de\">Le Tut\u00f9 Danza<\/a> ist der ideale Partner, der Sie auf Ihrer k\u00fcnstlerischen Reise begleitet.  <\/p>\n\n<script type=\"application\/ld+json\">{\n  \"@context\": \"https:\/\/schema.org\",\n  \"@type\": \"Store\",\n  \"name\": \"Le Tut\u00f9 Danza\",\n  \"image\": \"https:\/\/www.letutudanza.it\/wp-content\/uploads\/2021\/11\/logo-principale.png\",\n  \"url\": \"https:\/\/www.letutudanza.it\/\",\n  \"telephone\": \"+39 081 75 91 676\",\n  \"email\": \"info@letutudanza.it\",\n  \"address\": {\n    \"@type\": \"PostalAddress\",\n    \"streetAddress\": \"Via Nazionale delle Puglie 143\/a\",\n    \"addressLocality\": \"Casoria\",\n    \"addressRegion\": \"Campania\",\n    \"postalCode\": \"80026\",\n    \"addressCountry\": \"IT\"\n  },\n  \"geo\": {\n    \"@type\": \"GeoCoordinates\",\n    \"latitude\": 40.9060,\n    \"longitude\": 14.3090\n  },\n  \"openingHours\": \"Mo-Sa 09:30-13:00, 16:30-20:00\",\n  \"sameAs\": [\n    \"https:\/\/www.facebook.com\/letutudanza\",\n    \"https:\/\/www.instagram.com\/letutu_danza\/\"\n  ]\n}\n<\/script>\n","protected":false},"excerpt":{"rendered":"<p>Le Tut\u00f9 Danza ist ein Gesch\u00e4ft, das sich auf den Online-Verkauf von Tanzbekleidung und Accessoires spezialisiert hat. Es verf\u00fcgt \u00fcber<\/p>\n","protected":false},"author":1,"featured_media":325626,"parent":0,"menu_order":0,"comment_status":"closed","ping_status":"closed","template":"","meta":{"_acf_changed":false,"footnotes":""},"class_list":["post-482943","page","type-page","status-publish","has-post-thumbnail","hentry"],"acf":[],"_links":{"self":[{"href":"https:\/\/www.letutudanza.it\/de\/wp-json\/wp\/v2\/pages\/482943","targetHints":{"allow":["GET"]}}],"collection":[{"href":"https:\/\/www.letutudanza.it\/de\/wp-json\/wp\/v2\/pages"}],"about":[{"href":"https:\/\/www.letutudanza.it\/de\/wp-json\/wp\/v2\/types\/page"}],"author":[{"embeddable":true,"href":"https:\/\/www.letutudanza.it\/de\/wp-json\/wp\/v2\/users\/1"}],"replies":[{"embeddable":true,"href":"https:\/\/www.letutudanza.it\/de\/wp-json\/wp\/v2\/comments?post=482943"}],"version-history":[{"count":0,"href":"https:\/\/www.letutudanza.it\/de\/wp-json\/wp\/v2\/pages\/482943\/revisions"}],"wp:featuredmedia":[{"embeddable":true,"href":"https:\/\/www.letutudanza.it\/de\/wp-json\/wp\/v2\/media\/325626"}],"wp:attachment":[{"href":"https:\/\/www.letutudanza.it\/de\/wp-json\/wp\/v2\/media?parent=482943"}],"curies":[{"name":"wp","href":"https:\/\/api.w.org\/{rel}","templated":true}]}}