{"id":453208,"date":"2024-09-16T20:13:38","date_gmt":"2024-09-16T18:13:38","guid":{"rendered":"https:\/\/letutudanza.it\/tanzmarken"},"modified":"2026-02-22T10:05:02","modified_gmt":"2026-02-22T09:05:02","slug":"tanzmarken","status":"publish","type":"page","link":"https:\/\/www.letutudanza.it\/de\/tanzmarken","title":{"rendered":"Tanzmarken"},"content":{"rendered":"<div class=\"wpb-content-wrapper\"><p>[vc_row][vc_column][vc_column_text css=&#8221;&#8221; woodmart_inline=&#8221;no&#8221; text_larger=&#8221;no&#8221;]<\/p>\n<p style=\"text-align: center;\">In unserem Online-Shop finden Sie eine Auswahl der besten professionellen Tanzmarken, die so ausgew\u00e4hlt wurden, dass sie Qualit\u00e4t, Komfort und Leistung f\u00fcr T\u00e4nzer, Tanzschulen und Theatergruppen gew\u00e4hrleisten.<\/p>\n<p style=\"text-align: center;\">Wir w\u00e4hlen internationale Marken aus, die sich auf Spitzenschuhe, Halbspitzenschuhe, Balletttrikots, moderne und zeitgen\u00f6ssische Bekleidung, Aufw\u00e4rmbekleidung und professionelles technisches Zubeh\u00f6r spezialisiert haben.<\/p>\n<p style=\"text-align: center;\">Dank unserer Erfahrung in diesem Bereich ist Le Tut\u00f9 Danza heute eine Anlaufstelle f\u00fcr alle, die online nach professioneller Tanzbekleidung suchen, und ein spezialisiertes Gesch\u00e4ft in Kampanien.<\/p>\n<p>[\/vc_column_text][\/vc_column][\/vc_row][vc_row][vc_column]\n\t\t<div class=\"wd-brands brands-widget wd-rs-66e87518ac390 wd-layout-grid wd-hover-default wd-style-default\">\n\t\t\t\n\t\t\t\n\t\t\t<div class=\" wd-grid-g\"  style=\"--wd-col-lg:3;--wd-col-md:3;--wd-col-sm:1;\">\n\t\t\t\t\n\t\t\t\t\t\t\t\t\t\t\t\t\t\t\t\n\t\t\t\t\t\t<div class=\" wd-col\">\n\t\t\t\t\t\t\t<div class=\"wd-brand-item brand-item\">\n\t\t\t\t\t\t\t\t\t\t\t\t\t\t\t\t\t\t\t\t\t\t\t\t\t\t\t<a href=\"https:\/\/www.letutudanza.it\/de\/brand\/ballettdynamik\" title=\"Ballettdynamik\">\n\t\t\t\t\t\t\t\t\t\n\t\t\t\t\t\t\t\t\tBallettdynamik\n\t\t\t\t\t\t\t\t\t\t\t\t\t\t\t\t\t\t\t<\/a>\n\t\t\t\t\t\t\t\t\t\t\t\t\t\t\t\t\t\t\t\t\t\t\t\t<\/div>\n\t\t\t\t\t\t<\/div>\n\t\t\t\t\t\t\t\t\t\t\t\n\t\t\t\t\t\t<div class=\" wd-col\">\n\t\t\t\t\t\t\t<div class=\"wd-brand-item brand-item\">\n\t\t\t\t\t\t\t\t\t\t\t\t\t\t\t\t\t\t\t\t\t\t\t\t\t\t\t<a href=\"https:\/\/www.letutudanza.it\/de\/brand\/begon-cervera\" title=\"Begon Cervera\">\n\t\t\t\t\t\t\t\t\t\n\t\t\t\t\t\t\t\t\tBegon Cervera\n\t\t\t\t\t\t\t\t\t\t\t\t\t\t\t\t\t\t\t<\/a>\n\t\t\t\t\t\t\t\t\t\t\t\t\t\t\t\t\t\t\t\t\t\t\t\t<\/div>\n\t\t\t\t\t\t<\/div>\n\t\t\t\t\t\t\t\t\t\t\t\n\t\t\t\t\t\t<div class=\" wd-col\">\n\t\t\t\t\t\t\t<div class=\"wd-brand-item brand-item\">\n\t\t\t\t\t\t\t\t\t\t\t\t\t\t\t\t\t\t\t\t\t\t\t\t\t\t\t<a href=\"https:\/\/www.letutudanza.it\/de\/brand\/bloch-de\" title=\"Bloch\">\n\t\t\t\t\t\t\t\t\t\n\t\t\t\t\t\t\t\t\tBloch\n\t\t\t\t\t\t\t\t\t\t\t\t\t\t\t\t\t\t\t<\/a>\n\t\t\t\t\t\t\t\t\t\t\t\t\t\t\t\t\t\t\t\t\t\t\t\t<\/div>\n\t\t\t\t\t\t<\/div>\n\t\t\t\t\t\t\t\t\t\t\t\n\t\t\t\t\t\t<div class=\" wd-col\">\n\t\t\t\t\t\t\t<div class=\"wd-brand-item brand-item\">\n\t\t\t\t\t\t\t\t\t\t\t\t\t\t\t\t\t\t\t\t\t\t\t\t\t\t\t<a href=\"https:\/\/www.letutudanza.it\/de\/brand\/bunheads-de\" title=\"Bunheads\">\n\t\t\t\t\t\t\t\t\t\n\t\t\t\t\t\t\t\t\tBunheads\n\t\t\t\t\t\t\t\t\t\t\t\t\t\t\t\t\t\t\t<\/a>\n\t\t\t\t\t\t\t\t\t\t\t\t\t\t\t\t\t\t\t\t\t\t\t\t<\/div>\n\t\t\t\t\t\t<\/div>\n\t\t\t\t\t\t\t\t\t\t\t\n\t\t\t\t\t\t<div class=\" wd-col\">\n\t\t\t\t\t\t\t<div class=\"wd-brand-item brand-item\">\n\t\t\t\t\t\t\t\t\t\t\t\t\t\t\t\t\t\t\t\t\t\t\t\t\t\t\t<a href=\"https:\/\/www.letutudanza.it\/de\/brand\/capezio-de\" title=\"Capezio\">\n\t\t\t\t\t\t\t\t\t\n\t\t\t\t\t\t\t\t\tCapezio\n\t\t\t\t\t\t\t\t\t\t\t\t\t\t\t\t\t\t\t<\/a>\n\t\t\t\t\t\t\t\t\t\t\t\t\t\t\t\t\t\t\t\t\t\t\t\t<\/div>\n\t\t\t\t\t\t<\/div>\n\t\t\t\t\t\t\t\t\t\t\t\n\t\t\t\t\t\t<div class=\" wd-col\">\n\t\t\t\t\t\t\t<div class=\"wd-brand-item brand-item\">\n\t\t\t\t\t\t\t\t\t\t\t\t\t\t\t\t\t\t\t\t\t\t\t\t\t\t\t<a href=\"https:\/\/www.letutudanza.it\/de\/brand\/dansez-vous-de\" title=\"Dansez-Vous\">\n\t\t\t\t\t\t\t\t\t\n\t\t\t\t\t\t\t\t\tDansez-Vous\n\t\t\t\t\t\t\t\t\t\t\t\t\t\t\t\t\t\t\t<\/a>\n\t\t\t\t\t\t\t\t\t\t\t\t\t\t\t\t\t\t\t\t\t\t\t\t<\/div>\n\t\t\t\t\t\t<\/div>\n\t\t\t\t\t\t\t\t\t\t\t\n\t\t\t\t\t\t<div class=\" wd-col\">\n\t\t\t\t\t\t\t<div class=\"wd-brand-item brand-item\">\n\t\t\t\t\t\t\t\t\t\t\t\t\t\t\t\t\t\t\t\t\t\t\t\t\t\t\t<a href=\"https:\/\/www.letutudanza.it\/de\/brand\/dl-tanzkleidung\" title=\"DL Tanzkleidung\">\n\t\t\t\t\t\t\t\t\t\n\t\t\t\t\t\t\t\t\tDL Tanzkleidung\n\t\t\t\t\t\t\t\t\t\t\t\t\t\t\t\t\t\t\t<\/a>\n\t\t\t\t\t\t\t\t\t\t\t\t\t\t\t\t\t\t\t\t\t\t\t\t<\/div>\n\t\t\t\t\t\t<\/div>\n\t\t\t\t\t\t\t\t\t\t\t\n\t\t\t\t\t\t<div class=\" wd-col\">\n\t\t\t\t\t\t\t<div class=\"wd-brand-item brand-item\">\n\t\t\t\t\t\t\t\t\t\t\t\t\t\t\t\t\t\t\t\t\t\t\t\t\t\t\t<a href=\"https:\/\/www.letutudanza.it\/de\/brand\/gaynor-minden-de\" title=\"Gaynor Minden\">\n\t\t\t\t\t\t\t\t\t\n\t\t\t\t\t\t\t\t\tGaynor Minden\n\t\t\t\t\t\t\t\t\t\t\t\t\t\t\t\t\t\t\t<\/a>\n\t\t\t\t\t\t\t\t\t\t\t\t\t\t\t\t\t\t\t\t\t\t\t\t<\/div>\n\t\t\t\t\t\t<\/div>\n\t\t\t\t\t\t\t\t\t\t\t\n\t\t\t\t\t\t<div class=\" wd-col\">\n\t\t\t\t\t\t\t<div class=\"wd-brand-item brand-item\">\n\t\t\t\t\t\t\t\t\t\t\t\t\t\t\t\t\t\t\t\t\t\t\t\t\t\t\t<a href=\"https:\/\/www.letutudanza.it\/de\/brand\/girardi-de\" title=\"Girardi\">\n\t\t\t\t\t\t\t\t\t\n\t\t\t\t\t\t\t\t\tGirardi\n\t\t\t\t\t\t\t\t\t\t\t\t\t\t\t\t\t\t\t<\/a>\n\t\t\t\t\t\t\t\t\t\t\t\t\t\t\t\t\t\t\t\t\t\t\t\t<\/div>\n\t\t\t\t\t\t<\/div>\n\t\t\t\t\t\t\t\t\t\t\t\n\t\t\t\t\t\t<div class=\" wd-col\">\n\t\t\t\t\t\t\t<div class=\"wd-brand-item brand-item\">\n\t\t\t\t\t\t\t\t\t\t\t\t\t\t\t\t\t\t\t\t\t\t\t\t\t\t\t<a href=\"https:\/\/www.letutudanza.it\/de\/brand\/giselle-de\" title=\"Giselle\">\n\t\t\t\t\t\t\t\t\t\n\t\t\t\t\t\t\t\t\tGiselle\n\t\t\t\t\t\t\t\t\t\t\t\t\t\t\t\t\t\t\t<\/a>\n\t\t\t\t\t\t\t\t\t\t\t\t\t\t\t\t\t\t\t\t\t\t\t\t<\/div>\n\t\t\t\t\t\t<\/div>\n\t\t\t\t\t\t\t\t\t\t\t\n\t\t\t\t\t\t<div class=\" wd-col\">\n\t\t\t\t\t\t\t<div class=\"wd-brand-item brand-item\">\n\t\t\t\t\t\t\t\t\t\t\t\t\t\t\t\t\t\t\t\t\t\t\t\t\t\t\t<a href=\"https:\/\/www.letutudanza.it\/de\/brand\/grischko\" title=\"Grischko\">\n\t\t\t\t\t\t\t\t\t\n\t\t\t\t\t\t\t\t\tGrischko\n\t\t\t\t\t\t\t\t\t\t\t\t\t\t\t\t\t\t\t<\/a>\n\t\t\t\t\t\t\t\t\t\t\t\t\t\t\t\t\t\t\t\t\t\t\t\t<\/div>\n\t\t\t\t\t\t<\/div>\n\t\t\t\t\t\t\t\t\t\t\t\n\t\t\t\t\t\t<div class=\" wd-col\">\n\t\t\t\t\t\t\t<div class=\"wd-brand-item brand-item\">\n\t\t\t\t\t\t\t\t\t\t\t\t\t\t\t\t\t\t\t\t\t\t\t\t\t\t\t<a href=\"https:\/\/www.letutudanza.it\/de\/brand\/ich-kenne-danca\" title=\"Ich kenne Danca\">\n\t\t\t\t\t\t\t\t\t\n\t\t\t\t\t\t\t\t\tIch kenne Danca\n\t\t\t\t\t\t\t\t\t\t\t\t\t\t\t\t\t\t\t<\/a>\n\t\t\t\t\t\t\t\t\t\t\t\t\t\t\t\t\t\t\t\t\t\t\t\t<\/div>\n\t\t\t\t\t\t<\/div>\n\t\t\t\t\t\t\t\t\t\t\t\n\t\t\t\t\t\t<div class=\" wd-col\">\n\t\t\t\t\t\t\t<div class=\"wd-brand-item brand-item\">\n\t\t\t\t\t\t\t\t\t\t\t\t\t\t\t\t\t\t\t\t\t\t\t\t\t\t\t<a href=\"https:\/\/www.letutudanza.it\/de\/brand\/katz-de\" title=\"Katz\">\n\t\t\t\t\t\t\t\t\t\n\t\t\t\t\t\t\t\t\tKatz\n\t\t\t\t\t\t\t\t\t\t\t\t\t\t\t\t\t\t\t<\/a>\n\t\t\t\t\t\t\t\t\t\t\t\t\t\t\t\t\t\t\t\t\t\t\t\t<\/div>\n\t\t\t\t\t\t<\/div>\n\t\t\t\t\t\t\t\t\t\t\t\n\t\t\t\t\t\t<div class=\" wd-col\">\n\t\t\t\t\t\t\t<div class=\"wd-brand-item brand-item\">\n\t\t\t\t\t\t\t\t\t\t\t\t\t\t\t\t\t\t\t\t\t\t\t\t\t\t\t<a href=\"https:\/\/www.letutudanza.it\/de\/brand\/koppelia\" title=\"Koppelia\">\n\t\t\t\t\t\t\t\t\t\n\t\t\t\t\t\t\t\t\tKoppelia\n\t\t\t\t\t\t\t\t\t\t\t\t\t\t\t\t\t\t\t<\/a>\n\t\t\t\t\t\t\t\t\t\t\t\t\t\t\t\t\t\t\t\t\t\t\t\t<\/div>\n\t\t\t\t\t\t<\/div>\n\t\t\t\t\t\t\t\t\t\t\t\n\t\t\t\t\t\t<div class=\" wd-col\">\n\t\t\t\t\t\t\t<div class=\"wd-brand-item brand-item\">\n\t\t\t\t\t\t\t\t\t\t\t\t\t\t\t\t\t\t\t\t\t\t\t\t\t\t\t<a href=\"https:\/\/www.letutudanza.it\/de\/brand\/pridance-de\" title=\"Pridance\">\n\t\t\t\t\t\t\t\t\t\n\t\t\t\t\t\t\t\t\tPridance\n\t\t\t\t\t\t\t\t\t\t\t\t\t\t\t\t\t\t\t<\/a>\n\t\t\t\t\t\t\t\t\t\t\t\t\t\t\t\t\t\t\t\t\t\t\t\t<\/div>\n\t\t\t\t\t\t<\/div>\n\t\t\t\t\t\t\t\t\t\t\t\n\t\t\t\t\t\t<div class=\" wd-col\">\n\t\t\t\t\t\t\t<div class=\"wd-brand-item brand-item\">\n\t\t\t\t\t\t\t\t\t\t\t\t\t\t\t\t\t\t\t\t\t\t\t\t\t\t\t<a href=\"https:\/\/www.letutudanza.it\/de\/brand\/sanscha\" title=\"Sanscha\">\n\t\t\t\t\t\t\t\t\t\n\t\t\t\t\t\t\t\t\tSanscha\n\t\t\t\t\t\t\t\t\t\t\t\t\t\t\t\t\t\t\t<\/a>\n\t\t\t\t\t\t\t\t\t\t\t\t\t\t\t\t\t\t\t\t\t\t\t\t<\/div>\n\t\t\t\t\t\t<\/div>\n\t\t\t\t\t\t\t\t\t\t\t\n\t\t\t\t\t\t<div class=\" wd-col\">\n\t\t\t\t\t\t\t<div class=\"wd-brand-item brand-item\">\n\t\t\t\t\t\t\t\t\t\t\t\t\t\t\t\t\t\t\t\t\t\t\t\t\t\t\t<a href=\"https:\/\/www.letutudanza.it\/de\/brand\/tech-tanz\" title=\"Tech-Tanz\">\n\t\t\t\t\t\t\t\t\t\n\t\t\t\t\t\t\t\t\tTech-Tanz\n\t\t\t\t\t\t\t\t\t\t\t\t\t\t\t\t\t\t\t<\/a>\n\t\t\t\t\t\t\t\t\t\t\t\t\t\t\t\t\t\t\t\t\t\t\t\t<\/div>\n\t\t\t\t\t\t<\/div>\n\t\t\t\t\t\t\t\t\t\t\t\n\t\t\t\t\t\t<div class=\" wd-col\">\n\t\t\t\t\t\t\t<div class=\"wd-brand-item brand-item\">\n\t\t\t\t\t\t\t\t\t\t\t\t\t\t\t\t\t\t\t\t\t\t\t\t\t\t\t<a href=\"https:\/\/www.letutudanza.it\/de\/brand\/triumph\" title=\"Triumph\">\n\t\t\t\t\t\t\t\t\t\n\t\t\t\t\t\t\t\t\tTriumph\n\t\t\t\t\t\t\t\t\t\t\t\t\t\t\t\t\t\t\t<\/a>\n\t\t\t\t\t\t\t\t\t\t\t\t\t\t\t\t\t\t\t\t\t\t\t\t<\/div>\n\t\t\t\t\t\t<\/div>\n\t\t\t\t\t\t\t\t\t\t\t\n\t\t\t\t\t\t<div class=\" wd-col\">\n\t\t\t\t\t\t\t<div class=\"wd-brand-item brand-item\">\n\t\t\t\t\t\t\t\t\t\t\t\t\t\t\t\t\t\t\t\t\t\t\t\t\t\t\t<a href=\"https:\/\/www.letutudanza.it\/de\/brand\/wie-g\" title=\"Wie G\">\n\t\t\t\t\t\t\t\t\t\n\t\t\t\t\t\t\t\t\tWie G\n\t\t\t\t\t\t\t\t\t\t\t\t\t\t\t\t\t\t\t<\/a>\n\t\t\t\t\t\t\t\t\t\t\t\t\t\t\t\t\t\t\t\t\t\t\t\t<\/div>\n\t\t\t\t\t\t<\/div>\n\t\t\t\t\t\t\t\t\t\t\t\n\t\t\t\t\t\t<div class=\" wd-col\">\n\t\t\t\t\t\t\t<div class=\"wd-brand-item brand-item\">\n\t\t\t\t\t\t\t\t\t\t\t\t\t\t\t\t\t\t\t\t\t\t\t\t\t\t\t<a href=\"https:\/\/www.letutudanza.it\/de\/brand\/zwischenspiel\" title=\"Zwischenspiel\">\n\t\t\t\t\t\t\t\t\t\n\t\t\t\t\t\t\t\t\tZwischenspiel\n\t\t\t\t\t\t\t\t\t\t\t\t\t\t\t\t\t\t\t<\/a>\n\t\t\t\t\t\t\t\t\t\t\t\t\t\t\t\t\t\t\t\t\t\t\t\t<\/div>\n\t\t\t\t\t\t<\/div>\n\t\t\t\t\t\t\t\t\t\t\t\t\t\t\t\t<\/div>\n\n\t\t\t\t\t<\/div>\n\t\t[\/vc_column][\/vc_row][vc_row][vc_column][\/vc_column][\/vc_row][vc_row][vc_column][\/vc_column][\/vc_row]<\/p>\n<\/div>","protected":false},"excerpt":{"rendered":"<p>[vc_row][vc_column][vc_column_text css=&#8221;&#8221; woodmart_inline=&#8221;no&#8221; text_larger=&#8221;no&#8221;] In unserem Online-Shop finden Sie eine Auswahl der besten professionellen Tanzmarken, die so ausgew\u00e4hlt wurden, dass<\/p>\n","protected":false},"author":1,"featured_media":0,"parent":0,"menu_order":0,"comment_status":"closed","ping_status":"closed","template":"","meta":{"_acf_changed":false,"footnotes":""},"class_list":["post-453208","page","type-page","status-publish","hentry"],"acf":[],"_links":{"self":[{"href":"https:\/\/www.letutudanza.it\/de\/wp-json\/wp\/v2\/pages\/453208","targetHints":{"allow":["GET"]}}],"collection":[{"href":"https:\/\/www.letutudanza.it\/de\/wp-json\/wp\/v2\/pages"}],"about":[{"href":"https:\/\/www.letutudanza.it\/de\/wp-json\/wp\/v2\/types\/page"}],"author":[{"embeddable":true,"href":"https:\/\/www.letutudanza.it\/de\/wp-json\/wp\/v2\/users\/1"}],"replies":[{"embeddable":true,"href":"https:\/\/www.letutudanza.it\/de\/wp-json\/wp\/v2\/comments?post=453208"}],"version-history":[{"count":0,"href":"https:\/\/www.letutudanza.it\/de\/wp-json\/wp\/v2\/pages\/453208\/revisions"}],"wp:attachment":[{"href":"https:\/\/www.letutudanza.it\/de\/wp-json\/wp\/v2\/media?parent=453208"}],"curies":[{"name":"wp","href":"https:\/\/api.w.org\/{rel}","templated":true}]}}