{"id":326883,"date":"2021-06-11T11:36:34","date_gmt":"2021-06-11T09:36:34","guid":{"rendered":"https:\/\/letutudanza.it\/versand-und-lieferungen"},"modified":"2025-11-04T16:02:51","modified_gmt":"2025-11-04T15:02:51","slug":"versand-und-lieferungen","status":"publish","type":"page","link":"https:\/\/www.letutudanza.it\/de\/versand-und-lieferungen","title":{"rendered":"Versand und Lieferungen"},"content":{"rendered":"<h4 class=\"headline-2 mb8-sm css-1qj0wac\">WELCHE ZAHLUNGSOPTIONEN KANN ICH BEI BESTELLUNGEN VERWENDEN?<\/h4>\n<div class=\"article-content\">\n<div class=\"card text-card mb5-sm\">\n<div>\n<p class=\"mb4-sm\">Wir m\u00f6chten, dass der Kauf Ihrer Artikel bei Le Tut\u00f9 Articoli per la Danza bequem und schnell erfolgt. Die akzeptierten Zahlungsmethoden sind wie folgt:<\/p>\n<\/div>\n<\/div>\n<div class=\"card text-card mb5-sm\">\n<ul class=\"ncss-list-ul ml4-sm mb4-sm mt4-sm\">\n<li>Kreditkarte \u00fcber Paypal-Schaltung.<\/li>\n<li>Bank\u00fcberweisung<\/li>\n<li>Prepaid-Karten wie Postepay<\/li>\n<li>Scalapay<\/li>\n<\/ul>\n<h4>WIE VIEL KOSTET DER VERSAND?<\/h4>\n<ul>\n<li>F\u00fcr den nationalen Versand betragen die Kosten 6,00 \u20ac<\/li>\n<li>F\u00fcr Lieferungen an abgelegene Orte wird ein zus\u00e4tzlicher Aufschlag von 6,00 \u20ac erhoben.<\/li>\n<li>F\u00fcr Sendungen innerhalb Europas beginnen die Kosten bei 9,00 \u20ac und variieren je nach den Gebieten, aus denen Sie kaufen.<\/li>\n<\/ul>\n<h4>WANN IST DER VERSAND KOSTENLOS?<\/h4>\n<ul>\n<li>Bei Verk\u00e4ufen an die \u00d6ffentlichkeit sind die Versandkosten ab einem Bestellwert von 40,00 \u20ac kostenfrei.<\/li>\n<li>Bei Verk\u00e4ufen an Schulen, Theater, Firmen, Fitnessstudios etc. sind die Versandkosten ab einem Bestellwert von 90,00 \u20ac kostenfrei.<\/li>\n<li>Diese Aktionen gelten nicht f\u00fcr Sendungen innerhalb Europas.<\/li>\n<li>F\u00fcr abgelegene Standorte bleibt der feste Zuschlag von 6,00 \u20ac bestehen.<\/li>\n<\/ul>\n<h4>WAS TUN BEI \u00c4NDERUNGEN UND\/ODER R\u00dcCKSENDUNGEN?<\/h4>\n<p>Sie k\u00f6nnen Ihren Kauf innerhalb von 7 Tagen anfechten: Senden Sie eine E-Mail mit der Anfechtungsmitteilung und dem dazugeh\u00f6rigen Grund an <a href=\"mailto:info@letutudanza.it\">info@letutudanza.it<\/a> .<br \/>\nProdukte der Marke DL Dancewear werden auf Bestellung gefertigt: (Um den Kauf zu erleichtern, gibt es f\u00fcr jeden dieser Artikel eine Gr\u00f6\u00dfentabelle).<br \/>\nDaher ist eine R\u00fcckgabe oder ein Umtausch solcher Artikel nicht m\u00f6glich, es sei denn, sie sind defekt.<\/p>\n<p>Le Tut\u00f9 bietet keine R\u00fcckerstattung in bar an: Umtausch von Waren oder Einkaufsgutscheinen (voller Produktwert).<\/p>\n<p>Um die Ware umzutauschen und\/oder zur\u00fcckzusenden, muss der Kunde:<\/p>\n<ol>\n<li>Verwenden Sie die Artikel nicht<\/li>\n<li>Halten Sie die Produkte und ihre Verpackung intakt<\/li>\n<li>Ziehen Sie die Etiketten nicht ab<\/li>\n<li>Bezahlen Sie die Versandkosten f\u00fcr das zur\u00fcckzusendende und\/oder umzutauschende Material<\/li>\n<\/ol>\n<p><strong>NB<\/strong> Alle reduzierten und\/oder angebotenen Produkte (Outlet-Bereich), Strumpfhosen und Tanzunterw\u00e4sche k\u00f6nnen unter keinen Umst\u00e4nden zur\u00fcckgegeben und\/oder ersetzt werden<\/p>\n<h4>WIE LANGE ERHALTE ICH DIE WAREN?<\/h4>\n<p>Die Lieferzeiten k\u00f6nnen je nach angeforderten Produkten variieren. Sie gehen nicht \u00fcber 15 Arbeitstage hinaus: Diese speziellen Produkte (wie Kost\u00fcme) haben die notwendigen Angaben in der Beschreibung.<\/p>\n<p>Unsere Kurierdienste <strong>GLS<\/strong> und <strong>SDA (<\/strong> Poste Italiane <strong>)<\/strong><strong> <\/strong>garantieren Lieferungen in ganz Italien in 24 Stunden, 48 Stunden oder h\u00f6chstens 72 Stunden, abh\u00e4ngig von den Gebieten, aus denen das Material angefordert wird<\/p>\n<p>Bei europ\u00e4ischen oder au\u00dfereurop\u00e4ischen Sendungen variieren die Lieferzeiten.<\/p>\n<p><strong>NB<\/strong> Le Tut\u00f9 haftet nicht f\u00fcr Verz\u00f6gerungen, die durch den Kurierdienst verursacht werden.<\/p>\n<h4>WAS SIND DIE LIEFERZEITEN?<\/h4>\n<p>Unsere Kurierdienste <strong>GLS<\/strong> und <strong>SDA<\/strong> (Poste Italiane) liefern von Montag bis Freitag von 9:00 bis 19:00 Uhr an die angegebene Adresse, sofern die Annahme durch den Empf\u00e4nger erfolgt.<br \/>\nEs wird daher nicht m\u00f6glich sein:<\/p>\n<ul>\n<li>Fordern Sie die Lieferung zu bestimmten Zeiten an<\/li>\n<li>Bitte teilen Sie dem Kurier alternative Adressen mit<\/li>\n<li>Pakete unbeaufsichtigt lassen.<br \/>\n Um dem Kurierdienst die Arbeit zu erleichtern, geben Sie bitte alle erforderlichen Informationen in den Bestellhinweisen an, um Verwechslungen und\/oder Lieferverz\u00f6gerungen zu vermeiden.<\/li>\n<\/ul>\n<\/div>\n<\/div>\n","protected":false},"excerpt":{"rendered":"<p>WELCHE ZAHLUNGSOPTIONEN KANN ICH BEI BESTELLUNGEN VERWENDEN? Wir m\u00f6chten, dass der Kauf Ihrer Artikel bei Le Tut\u00f9 Articoli per la<\/p>\n","protected":false},"author":1,"featured_media":0,"parent":0,"menu_order":0,"comment_status":"closed","ping_status":"closed","template":"","meta":{"_acf_changed":false,"footnotes":""},"class_list":["post-326883","page","type-page","status-publish","hentry"],"acf":[],"_links":{"self":[{"href":"https:\/\/www.letutudanza.it\/de\/wp-json\/wp\/v2\/pages\/326883","targetHints":{"allow":["GET"]}}],"collection":[{"href":"https:\/\/www.letutudanza.it\/de\/wp-json\/wp\/v2\/pages"}],"about":[{"href":"https:\/\/www.letutudanza.it\/de\/wp-json\/wp\/v2\/types\/page"}],"author":[{"embeddable":true,"href":"https:\/\/www.letutudanza.it\/de\/wp-json\/wp\/v2\/users\/1"}],"replies":[{"embeddable":true,"href":"https:\/\/www.letutudanza.it\/de\/wp-json\/wp\/v2\/comments?post=326883"}],"version-history":[{"count":0,"href":"https:\/\/www.letutudanza.it\/de\/wp-json\/wp\/v2\/pages\/326883\/revisions"}],"wp:attachment":[{"href":"https:\/\/www.letutudanza.it\/de\/wp-json\/wp\/v2\/media?parent=326883"}],"curies":[{"name":"wp","href":"https:\/\/api.w.org\/{rel}","templated":true}]}}