{"id":326880,"date":"2021-06-15T13:10:41","date_gmt":"2021-06-15T11:10:41","guid":{"rendered":"https:\/\/letutudanza.it\/schulprogramm"},"modified":"2026-02-21T17:38:10","modified_gmt":"2026-02-21T16:38:10","slug":"schulprogramm","status":"publish","type":"page","link":"https:\/\/www.letutudanza.it\/de\/schulprogramm","title":{"rendered":"Schulprogramm"},"content":{"rendered":"<h2 style=\"text-align: center;\">TEILNAHME AM SCHULPROGRAMM<\/h2>\n<p>Entdecken Sie alle <strong>RABATTE und Dienstleistungen f\u00fcr<\/strong> : Tanzschulen, Unternehmen, Fitnessstudios und Theater [..].<\/p>\n<blockquote>\n<p style=\"text-align: center;\">Sobald die Anfrage genehmigt wurde <strong>, navigieren Sie zur Website, indem Sie Ihre Anmeldeinformationen eingeben.<\/strong> F\u00fcr alle Produkte gelten exklusive <strong>Rabatte<\/strong> f\u00fcr Schulen<\/p>\n<\/blockquote>\n<div>\n<div class=\"block ApHtml\">\n<div class=\"block_content\">\n<p>Dieses Programm entstand aus dem Wunsch heraus, in der N\u00e4he von Tanzschulen zu sein: Wir bieten Ihnen die besten Produkte und L\u00f6sungen f\u00fcr Ihre Sch\u00fcler und bieten Ihnen professionelle und pers\u00f6nliche Beratung.<\/p>\n<\/div>\n<\/div>\n<div class=\"block ApHtml\">\n<div class=\"block_content\">\n<h4 style=\"text-align: center;\"><strong>WIE KANN ICH ZUM SCHULPROGRAMM ZUR\u00dcCKKEHREN?<\/strong><\/h4>\n<p>Nach dem Ausf\u00fcllen der Pflichtfelder werden Neukunden direkt in das <strong>Schulprogramm<\/strong> aufgenommen. Sobald die Registrierungsphase abgeschlossen ist, m\u00fcssen Sie darauf warten, dass die Mitarbeiter von Le Tut\u00f9 die Verifizierungspr\u00fcfungen durchf\u00fchren und das Konto freigeben, um die reservierten Preislisten anzuzeigen. <\/p>\n<\/div>\n<\/div>\n<\/div>\n\n<div class=\"um um-register um-302955\">\n\t<div class=\"um-form\" data-mode=\"register\">\n\t\t<form method=\"post\" action=\"\">\n\t\t\t<div class=\"um-row _um_row_1 \" style=\"margin: 0 0 30px 0;\"><div class=\"um-col-1\"><div  id=\"um_field_302955_first_name\" class=\"um-field um-field-text  um-field-first_name um-field-text um-field-type_text\" data-key=\"first_name\"><div class=\"um-field-label\"><label for=\"first_name-302955\">Nome *<\/label><div class=\"um-clear\"><\/div><\/div><div class=\"um-field-area\"><input  autocomplete=\"off\" class=\"um-form-field valid \" type=\"text\" name=\"first_name-302955\" id=\"first_name-302955\" value=\"\" placeholder=\"\" data-validate=\"\" data-key=\"first_name\"  aria-invalid=\"false\" \/>\n\n\t\t\t\t\t\t<\/div><\/div><div  id=\"um_field_302955_last_name\" class=\"um-field um-field-text  um-field-last_name um-field-text um-field-type_text\" data-key=\"last_name\"><div class=\"um-field-label\"><label for=\"last_name-302955\">Cognome *<\/label><div class=\"um-clear\"><\/div><\/div><div class=\"um-field-area\"><input  autocomplete=\"off\" class=\"um-form-field valid \" type=\"text\" name=\"last_name-302955\" id=\"last_name-302955\" value=\"\" placeholder=\"\" data-validate=\"\" data-key=\"last_name\"  aria-invalid=\"false\" \/>\n\n\t\t\t\t\t\t<\/div><\/div><div  id=\"um_field_302955_billing_company\" class=\"um-field um-field-text  um-field-billing_company um-field-text um-field-type_text\" data-key=\"billing_company\"><div class=\"um-field-label\"><label for=\"billing_company-302955\">Nome Azienda *<\/label><div class=\"um-clear\"><\/div><\/div><div class=\"um-field-area\"><input  autocomplete=\"off\" class=\"um-form-field valid not-required \" type=\"text\" name=\"billing_company-302955\" id=\"billing_company-302955\" value=\"\" placeholder=\"\" data-validate=\"\" data-key=\"billing_company\"  aria-invalid=\"false\" \/>\n\n\t\t\t\t\t\t<\/div><\/div><div  id=\"um_field_302955_billing_address_1\" class=\"um-field um-field-text  um-field-billing_address_1 um-field-text um-field-type_text\" data-key=\"billing_address_1\"><div class=\"um-field-label\"><label for=\"billing_address_1-302955\">Indirizzo *<\/label><div class=\"um-clear\"><\/div><\/div><div class=\"um-field-area\"><input  autocomplete=\"off\" class=\"um-form-field valid not-required \" type=\"text\" name=\"billing_address_1-302955\" id=\"billing_address_1-302955\" value=\"\" placeholder=\"\" data-validate=\"\" data-key=\"billing_address_1\"  aria-invalid=\"false\" \/>\n\n\t\t\t\t\t\t<\/div><\/div><div  id=\"um_field_302955_billing_address_2\" class=\"um-field um-field-text  um-field-billing_address_2 um-field-text um-field-type_text\" data-key=\"billing_address_2\"><div class=\"um-field-label\"><label for=\"billing_address_2-302955\">Civico *<\/label><span class=\"um-tip um-tip-w\" title=\"(numero o snc)\"><i class=\"um-icon-help-circled\"><\/i><\/span><div class=\"um-clear\"><\/div><\/div><div class=\"um-field-area\"><input  autocomplete=\"off\" class=\"um-form-field valid \" type=\"text\" name=\"billing_address_2-302955\" id=\"billing_address_2-302955\" value=\"\" placeholder=\"\" data-validate=\"\" data-key=\"billing_address_2\"  aria-invalid=\"false\" \/>\n\n\t\t\t\t\t\t<\/div><\/div><div  id=\"um_field_302955_billing_city\" class=\"um-field um-field-text  um-field-billing_city um-field-text um-field-type_text\" data-key=\"billing_city\"><div class=\"um-field-label\"><label for=\"billing_city-302955\">Citt\u00e0 *<\/label><div class=\"um-clear\"><\/div><\/div><div class=\"um-field-area\"><input  autocomplete=\"off\" class=\"um-form-field valid \" type=\"text\" name=\"billing_city-302955\" id=\"billing_city-302955\" value=\"\" placeholder=\"\" data-validate=\"\" data-key=\"billing_city\"  aria-invalid=\"false\" \/>\n\n\t\t\t\t\t\t<\/div><\/div><div  id=\"um_field_302955_user_email\" class=\"um-field um-field-text  um-field-user_email um-field-text um-field-type_text\" data-key=\"user_email\"><div class=\"um-field-label\"><label for=\"user_email-302955\">E-mail *<\/label><div class=\"um-clear\"><\/div><\/div><div class=\"um-field-area\"><input  autocomplete=\"off\" class=\"um-form-field valid \" type=\"text\" name=\"user_email-302955\" id=\"user_email-302955\" value=\"\" placeholder=\"\" data-validate=\"unique_email\" data-key=\"user_email\"  aria-invalid=\"false\" \/>\n\n\t\t\t\t\t\t<\/div><\/div><div  id=\"um_field_302955_user_login\" class=\"um-field um-field-text  um-field-user_login um-field-text um-field-type_text\" data-key=\"user_login\"><div class=\"um-field-label\"><label for=\"user_login-302955\">Username *<\/label><div class=\"um-clear\"><\/div><\/div><div class=\"um-field-area\"><input  autocomplete=\"off\" class=\"um-form-field valid \" type=\"text\" name=\"user_login-302955\" id=\"user_login-302955\" value=\"\" placeholder=\"\" data-validate=\"unique_username\" data-key=\"user_login\"  aria-invalid=\"false\" \/>\n\n\t\t\t\t\t\t<\/div><\/div><div  id=\"um_field_302955_user_password\" class=\"um-field um-field-password  um-field-user_password um-field-password um-field-type_password\" data-key=\"user_password\"><div class=\"um-field-label\"><label for=\"user_password-302955\">Password *<\/label><div class=\"um-clear\"><\/div><\/div><div class=\"um-field-area\"><input class=\"um-form-field valid \" type=\"password\" name=\"user_password-302955\" id=\"user_password-302955\" value=\"\" placeholder=\"\" data-validate=\"\" data-key=\"user_password\"  aria-invalid=\"false\" \/>\n\n\t\t\t\t\t\t\t<\/div><\/div><div  id=\"um_field_302955_confirm_user_password\" class=\"um-field um-field-password  um-field-user_password um-field-password um-field-type_password\" data-key=\"confirm_user_password\"><div class=\"um-field-label\"><label for=\"confirm_user_password-302955\">Conferma Password *<\/label><div class=\"um-clear\"><\/div><\/div><div class=\"um-field-area\"><input class=\"um-form-field valid \" type=\"password\" name=\"confirm_user_password-302955\" id=\"confirm_user_password-302955\" value=\"\" placeholder=\"Conferma Password *\" data-validate=\"\" data-key=\"confirm_user_password\"  aria-invalid=\"false\" \/><\/div><\/div><div  id=\"um_field_302955_billing_phone\" class=\"um-field um-field-text  um-field-billing_phone um-field-text um-field-type_text\" data-key=\"billing_phone\"><div class=\"um-field-label\"><label for=\"billing_phone-302955\">Telefono *<\/label><div class=\"um-clear\"><\/div><\/div><div class=\"um-field-area\"><input  autocomplete=\"off\" class=\"um-form-field valid \" type=\"text\" name=\"billing_phone-302955\" id=\"billing_phone-302955\" value=\"\" placeholder=\"\" data-validate=\"\" data-key=\"billing_phone\"  aria-invalid=\"false\" \/>\n\n\t\t\t\t\t\t<\/div><\/div><div  id=\"um_field_302955_pivacodfis\" class=\"um-field um-field-text  um-field-pivacodfis um-field-text um-field-type_text\" data-key=\"pivacodfis\"><div class=\"um-field-label\"><label for=\"pivacodfis-302955\">Partita Iva o Codice Fiscale * (per fatturazione)<\/label><span class=\"um-tip um-tip-w\" title=\"Partita Iva o Codice Fiscale (obbligatorio, per fatturazione)\"><i class=\"um-icon-help-circled\"><\/i><\/span><div class=\"um-clear\"><\/div><\/div><div class=\"um-field-area\"><input  autocomplete=\"off\" class=\"um-form-field valid \" type=\"text\" name=\"pivacodfis-302955\" id=\"pivacodfis-302955\" value=\"\" placeholder=\"\" data-validate=\"\" data-key=\"pivacodfis\"  aria-invalid=\"false\" \/>\n\n\t\t\t\t\t\t<\/div><\/div><div  id=\"um_field_302955_pecsdi\" class=\"um-field um-field-text  um-field-pecsdi um-field-text um-field-type_text\" data-key=\"pecsdi\"><div class=\"um-field-label\"><label for=\"pecsdi-302955\">Pec o SDI (fatturazione)<\/label><span class=\"um-tip um-tip-w\" title=\"Pec o SDI\"><i class=\"um-icon-help-circled\"><\/i><\/span><div class=\"um-clear\"><\/div><\/div><div class=\"um-field-area\"><input  autocomplete=\"off\" class=\"um-form-field valid not-required \" type=\"text\" name=\"pecsdi-302955\" id=\"pecsdi-302955\" value=\"\" placeholder=\"\" data-validate=\"0\" data-key=\"pecsdi\"  aria-invalid=\"false\" \/>\n\n\t\t\t\t\t\t<\/div><\/div><\/div><\/div>\n<!-- This file should primarily consist of HTML with a little bit of PHP. -->\n<div class=\"um-field um-field-type_terms_conditions\" data-key=\"use_terms_conditions_agreement\" style=\"display:block;padding:0;\">\n\t<div class=\"um-field-area\">\n\t\t<div class=\"um-gdpr-content\" style=\"display:none;\">\n\t\t\tQuesta Informativa sulla Privacy descrive le politiche di Cirillo SRLS, con sede in Via Casa dell&#8217;Acqua, Campania 80013, Italia, email: <a rel=\"noopener\">info@letutudanza.it<\/a>, telefono: +39 0817591676, relative alla raccolta, all&#8217;utilizzo e alla divulgazione delle informazioni che raccogliamo quando utilizzi il nostro sito web (<a href=\"https:\/\/letutudanza.it\/\" target=\"_new\" rel=\"noopener\">https:\/\/letutudanza.it\/<\/a>) (il \u201cServizio\u201d). Accedendo o utilizzando il Servizio, acconsenti alla raccolta, all&#8217;utilizzo e alla divulgazione delle tue informazioni in conformit\u00e0 con questa Informativa sulla Privacy. Se non acconsenti, ti preghiamo di non accedere o utilizzare il Servizio.\n\nPotremmo modificare questa Informativa sulla Privacy in qualsiasi momento senza preavviso. Pubblicheremo l&#8217;Informativa aggiornata sul Servizio, e la versione aggiornata sar\u00e0 efficace dopo 180 giorni dalla pubblicazione. Continuando ad accedere o utilizzare il Servizio dopo tale periodo, accetterai automaticamente la nuova Informativa sulla Privacy. Ti consigliamo quindi di consultare periodicamente questa pagina.\n<h3><strong>Informazioni che Raccogliamo<\/strong><\/h3>\nRaccoglieremo e tratteremo le seguenti informazioni personali:\n<ul>\n \t<li>Nome<\/li>\n \t<li>Email<\/li>\n \t<li>Numero di cellulare<\/li>\n<\/ul>\n<h3><strong>Modalit\u00e0 di Raccolta delle Informazioni<\/strong><\/h3>\nRaccogliamo o riceviamo le tue informazioni attraverso i seguenti modi:\n<ul>\n \t<li>Quando un utente compila il modulo di registrazione o fornisce informazioni personali.<\/li>\n \t<li>Interagendo con il sito web.<\/li>\n \t<li>Da fonti pubbliche.<\/li>\n<\/ul>\n<h3><strong>Utilizzo delle Informazioni<\/strong><\/h3>\nUtilizzeremo le informazioni raccolte per i seguenti scopi:\n<ul>\n \t<li>Marketing \/ Promozioni<\/li>\n<\/ul>\nSe desideriamo utilizzare le tue informazioni per altri scopi, ti chiederemo il consenso e le utilizzeremo esclusivamente per gli scopi per i quali il consenso \u00e8 stato concesso, salvo obblighi di legge.\n<h3><strong>Condivisione delle Informazioni<\/strong><\/h3>\nNon trasferiremo le tue informazioni personali a terze parti senza il tuo consenso, salvo in circostanze limitate, come descritto di seguito:\n<ul>\n \t<li>Analisi dei dati<\/li>\n<\/ul>\nRichiediamo a tali terze parti di utilizzare le informazioni personali solo per gli scopi per i quali sono state trasferite e di non conservarle oltre il tempo necessario per tali scopi.\n\nPotremmo inoltre divulgare le tue informazioni personali per:\n<ol>\n \t<li>Conformarci a leggi applicabili, regolamenti, ordini giudiziari o altri procedimenti legali.<\/li>\n \t<li>Applicare i nostri accordi, inclusa questa Informativa sulla Privacy.<\/li>\n \t<li>Rispondere a reclami secondo cui il tuo utilizzo del Servizio viola diritti di terze parti.<\/li>\n<\/ol>\nSe il Servizio o la nostra azienda dovessero essere fusi o acquisiti da un&#8217;altra societ\u00e0, le tue informazioni saranno trasferite al nuovo proprietario.\n<h3><strong>Conservazione delle Informazioni<\/strong><\/h3>\nConserveremo le tue informazioni personali per un periodo compreso tra 90 giorni e 2 anni dopo la chiusura del tuo account o per il tempo necessario a soddisfare gli scopi per cui sono state raccolte, come dettagliato in questa Informativa. Potremmo conservare determinate informazioni per periodi pi\u00f9 lunghi in conformit\u00e0 con la legge, per esigenze legittime, come la prevenzione di frodi o la tutela di diritti legali. Le informazioni anonime e aggregate possono essere conservate indefinitamente.\n<h2>Newsletter<\/h2>\nAcquistando, accetti di iscriverti alla nostra newsletter. Potrai annullare l\u2019iscrizione in qualsiasi momento cliccando sul link <em data-start=\"223\" data-end=\"236\" data-is-only-node=\"\">Unsubscribe<\/em> presente in ogni comunicazione ricevuta\n<h3><strong>I Tuoi Diritti<\/strong><\/h3>\nIn base alla legge applicabile, potresti avere il diritto di accedere, rettificare o cancellare i tuoi dati personali, ricevere una copia dei tuoi dati, limitare o opporti al trattamento, richiedere la portabilit\u00e0 dei dati, ritirare il consenso al trattamento o presentare un reclamo presso un&#8217;autorit\u00e0 di controllo. Per esercitare questi diritti, puoi scriverci a <a rel=\"noopener\">info@letutudanza.it<\/a>. Risponderemo in conformit\u00e0 con la legge applicabile.\n\nPuoi scegliere di non ricevere comunicazioni di marketing diretto o di profilazione per scopi di marketing scrivendoci a <a rel=\"noopener\">info@letutudanza.it<\/a>.\n\nTieni presente che, se non ci consenti di raccogliere o trattare le informazioni richieste o ritiri il consenso, potresti non essere in grado di accedere o utilizzare i servizi per cui tali informazioni erano necessarie.\n<h3><strong>Cookie e Tecnologie Simili<\/strong><\/h3>\nPer ulteriori informazioni sull&#8217;uso dei cookie e sulle tue scelte relative a queste tecnologie di tracciamento, consulta la nostra Cookie Policy.\n<h3><strong>Sicurezza<\/strong><\/h3>\nLa sicurezza delle tue informazioni \u00e8 importante per noi. Utilizziamo misure di sicurezza ragionevoli per prevenire la perdita, l&#8217;uso improprio o l&#8217;alterazione non autorizzata delle tue informazioni sotto il nostro controllo. Tuttavia, dato il rischio intrinseco, non possiamo garantire una sicurezza assoluta e, di conseguenza, l&#8217;invio di informazioni \u00e8 a tuo rischio.\n<h3><strong>Responsabile Reclami \/ Protezione dei Dati<\/strong><\/h3>\nSe hai domande o dubbi sul trattamento delle tue informazioni, puoi contattare il nostro Responsabile Reclami all\u2019indirizzo email <a rel=\"noopener\">info@letutudanza.it<\/a>. Affronteremo le tue preoccupazioni in conformit\u00e0 con la legge applicabile.\n<blockquote>\n<p style=\"text-align: center\">Comunichiamo inoltre che responsabile per il trattamento dei dati \u00e8 stato nominato il Sig. Cirillo Salvatoreluca in qualit\u00e0 di AMMINISTRATORE UNICO di <span dir=\"ltr\" role=\"presentation\">CIRILLO S.R.L.S. P.IVA 09778961210 <\/span>e in possesso della necessaria esperienza, capacit\u00e0 e affidabilit\u00e0 richieste dalla legge per la tutela del trattamento<\/p>\n<\/blockquote>\nAgli interessati sono riconosciuti i diritti di cui all\u2019articolo 7 del citato Codice e in particolare il diritto di accedere ai propri dati personali, di chiederne la rettifica, l\u2019aggiornamento e la cancellazione, se incompleti, erronei o raccolti in violazione della legge, nonch\u00e8 di opporsi al loro trattamento per motivi legittimi, rivolgendo le richieste al responsabile del trattamento (responsabile della privacy).\t\t<\/div>\n\t\t<a href=\"javascript:void(0);\" class=\"um-toggle-gdpr\" data-toggle-state=\"hidden\"\n\t\t\tdata-toggle-show=\"Mostra Privacy policy\"\n\t\t\tdata-toggle-hide=\"Nascondi Privacy Policy\">\n\t\t\tMostra Privacy policy\t\t<\/a>\n\t<\/div>\n\t<div class=\"um-field-area\">\n\t\t<label class=\"um-field-checkbox\">\n\t\t\t<input type=\"checkbox\" name=\"use_gdpr_agreement\" value=\"1\">\n\t\t\t<span class=\"um-field-checkbox-state\"><i class=\"um-icon-android-checkbox-outline-blank\"><\/i><\/span>\n\t\t\t<span class=\"um-field-checkbox-option\">Usando questo modulo accetti che i dati in esso richiesti vengano utilizzati in conformit\u00e1 al &quot;Regolamento CE, Parlamento Europeo 27\/04\/2016 n\u00b0 679, G.U. 04\/05\/2016&quot; (GDPR). Per conoscere le modalit\u00e1 di attuazione del suddetto regolamento puoi visionare l&#039;informativa completa<\/span>\n\t\t<\/label>\n\t\t<div class=\"um-clear\"><\/div>\n\t\t\t\t<div class=\"um-clear\"><\/div>\n\t<\/div>\n<\/div>\n\t<input type=\"hidden\" name=\"form_id\" id=\"form_id_302955\" value=\"302955\" \/>\n\t\t<p class=\"um_request_name\">\n\t\t<label for=\"um_request_302955\">Only fill in if you are not human<\/label>\n\t\t<input type=\"hidden\" name=\"um_request\" id=\"um_request_302955\" class=\"input\" value=\"\" size=\"25\" autocomplete=\"off\" \/>\n\t<\/p>\n\t<input type=\"hidden\" id=\"_wpnonce\" name=\"_wpnonce\" value=\"8bc56c98f4\" \/><input type=\"hidden\" name=\"_wp_http_referer\" value=\"\/de\/wp-json\/wp\/v2\/pages\/326880\" \/>\n\t<div class=\"um-col-alt\">\n\n\t\t\n\t\t\t<div class=\"um-left um-half\">\n\t\t\t\t<input type=\"submit\" value=\"Registrati\" class=\"um-button\" id=\"um-submit-btn\" \/>\n\t\t\t<\/div>\n\t\t\t<div class=\"um-right um-half\">\n\t\t\t\t<a href=\"\/my-account\" class=\"um-button um-alt\">\n\t\t\t\t\tAnmelden\t\t\t\t<\/a>\n\t\t\t<\/div>\n\n\t\t\n\t\t<div class=\"um-clear\"><\/div>\n\n\t<\/div>\n\n\t\t\t<\/form>\n\t<\/div>\n<\/div>\n<style>\n\t\t\t.um-302955.um {\n\t\t\tmax-width: 600px;\n\t\t}\n\t\t<\/style>\n\n\n<hr\/>\n<h2 style=\"text-aling:\" center=\"\">H\u00e4ufig gestellte Fragen unserer Kunden<\/h2>\n<div id=\"rank-math-faq\" class=\"rank-math-block\">\n<div class=\"rank-math-list \">\n<div id=\"faq-question-1771690555026\" class=\"rank-math-list-item\">\n<h3 class=\"rank-math-question \">Welche Rabatte gibt es f\u00fcr Tanzschulen?<\/h3>\n<div class=\"rank-math-answer \">\n\n<p>Tanzschulen, die beim Le Tut\u00f9 Danza Schulprogramm registriert sind, erhalten exklusive Rabatte.<br \/> G\u00fcltig das ganze Jahr \u00fcber f\u00fcr <a href=\"https:\/\/www.letutudanza.it\/de\/produkte\/kleidung\">Tanzbekleidung<\/a> , <a href=\"https:\/\/www.letutudanza.it\/de\/produkte\/schuhe\">Schuhe<\/a> , Accessoires und Produkte unserer Marke<br \/><a href=\"https:\/\/www.letutudanza.it\/de\/brand\/dl-tanzkleidung\">DL Dancewear<\/a> . Rabatte werden nach der Aktivierung automatisch angewendet.<br \/> des Kontos und Einsehen der reservierten Preisliste. <\/p>\n\n<\/div>\n<\/div>\n<div id=\"faq-question-1771690636097\" class=\"rank-math-list-item\">\n<h3 class=\"rank-math-question \">Gelten die Rabatte auch f\u00fcr Sonderanfertigungen?<\/h3>\n<div class=\"rank-math-answer \">\n\n<p>Ja. Die f\u00fcr Schulen geltenden Bedingungen gelten auch f\u00fcr die von uns hergestellten Artikel.<br \/> Hauseigene Schneiderei, einschlie\u00dflich ma\u00dfgeschneiderter <a href=\"https:\/\/www.letutudanza.it\/de\/produkte\/kleidung\/korper-tanz\">Trikots<\/a> und <a href=\"https:\/\/www.letutudanza.it\/de\/produkte\/kostumdesign\">Kost\u00fcme f\u00fcr Auff\u00fchrungen und Konzerte<\/a> .<br \/> F\u00fcr Gro\u00dfproduktionen oder Jahresabschlussveranstaltungen werden gesonderte Kostenvoranschl\u00e4ge erstellt. <\/p>\n\n<\/div>\n<\/div>\n<div id=\"faq-question-1771690698297\" class=\"rank-math-list-item\">\n<h3 class=\"rank-math-question \">Stellen Sie Kost\u00fcme f\u00fcr Tanzauff\u00fchrungen und Shows her?<\/h3>\n<div class=\"rank-math-answer \">\n\n<p>Dank unserer hauseigenen Schneiderei fertigen wir ma\u00dfgeschneiderte Kost\u00fcme f\u00fcr die Jahresabschlussauff\u00fchrungen an.<br \/> Wettbewerbe, Theaterauff\u00fchrungen und Shows. Wir k\u00f6nnen individuelle Modelle erstellen.<br \/> Farben und Stoffe anpassen und Produktionen koordinieren<br \/> f\u00fcr gro\u00dfe Gruppen. <\/p>\n\n<\/div>\n<\/div>\n<div id=\"faq-question-1771690722433\" class=\"rank-math-list-item\">\n<h3 class=\"rank-math-question \">Kann man die Bodysuits individuell gestalten?<\/h3>\n<div class=\"rank-math-answer \">\n\n<p>Selbstverst\u00e4ndlich. Unter unserer Marke <strong>DL Dancewear<\/strong> fertigen wir ma\u00dfgeschneiderte Tanz-Leotards an.<br \/> in den Farben des Unternehmens, Details auf Anfrage.<br \/> Wir bieten ma\u00dfgeschneiderte L\u00f6sungen sowohl f\u00fcr j\u00e4hrliche Uniformen als auch f\u00fcr besondere Anl\u00e4sse. <\/p>\n\n<\/div>\n<\/div>\n<div id=\"faq-question-1771690750729\" class=\"rank-math-list-item\">\n<h3 class=\"rank-math-question \">Wie lange dauert die Aktivierung des Schulprogramms?<\/h3>\n<div class=\"rank-math-answer \">\n\n<p>Nach der Registrierung \u00fcberpr\u00fcft unser Personal die von Ihnen eingegebenen Informationen. Sobald Ihr Konto genehmigt ist,<br \/> Die Schule wird direkt \u00fcber die Website Zugriff auf reservierte Preislisten und exklusive Rabatte haben. <\/p>\n\n<\/div>\n<\/div>\n<div id=\"faq-question-1771690765513\" class=\"rank-math-list-item\">\n<h3 class=\"rank-math-question \">Bieten Sie Beratung bei der Produktauswahl f\u00fcr Studenten an?<\/h3>\n<div class=\"rank-math-answer \">\n\n<p>Ja. Wir bieten individuelle, professionelle Beratung an, um Schulen bei ihrer Auswahl zu unterst\u00fctzen.<br \/> von <a href=\"https:\/\/www.letutudanza.it\/de\/produkte\/kleidung\/korper-tanz\">Turnanz\u00fcgen<\/a> , <a href=\"https:\/\/www.letutudanza.it\/de\/produkte\/schuhe\">Schuhen<\/a> , <a href=\"https:\/\/www.letutudanza.it\/de\/produkte\/zubehor\">Accessoires<\/a> und <a href=\"https:\/\/www.letutudanza.it\/de\/produkte\/kostumdesign\">Kost\u00fcmen,<\/a> die am besten dem Niveau und der Disziplin der Sch\u00fcler entsprechen,<br \/> Qualit\u00e4t, Kontinuit\u00e4t und Unterst\u00fctzung \u00fcber die gesamte Laufzeit hinweg gew\u00e4hrleisten. <\/p>\n\n<\/div>\n<\/div>\n<\/div>\n<\/div>","protected":false},"excerpt":{"rendered":"<p>TEILNAHME AM SCHULPROGRAMM Entdecken Sie alle RABATTE und Dienstleistungen f\u00fcr : Tanzschulen, Unternehmen, Fitnessstudios und Theater [..]. Sobald die Anfrage<\/p>\n","protected":false},"author":1,"featured_media":0,"parent":0,"menu_order":0,"comment_status":"closed","ping_status":"closed","template":"","meta":{"_acf_changed":false,"footnotes":""},"class_list":["post-326880","page","type-page","status-publish","hentry"],"acf":[],"_links":{"self":[{"href":"https:\/\/www.letutudanza.it\/de\/wp-json\/wp\/v2\/pages\/326880","targetHints":{"allow":["GET"]}}],"collection":[{"href":"https:\/\/www.letutudanza.it\/de\/wp-json\/wp\/v2\/pages"}],"about":[{"href":"https:\/\/www.letutudanza.it\/de\/wp-json\/wp\/v2\/types\/page"}],"author":[{"embeddable":true,"href":"https:\/\/www.letutudanza.it\/de\/wp-json\/wp\/v2\/users\/1"}],"replies":[{"embeddable":true,"href":"https:\/\/www.letutudanza.it\/de\/wp-json\/wp\/v2\/comments?post=326880"}],"version-history":[{"count":0,"href":"https:\/\/www.letutudanza.it\/de\/wp-json\/wp\/v2\/pages\/326880\/revisions"}],"wp:attachment":[{"href":"https:\/\/www.letutudanza.it\/de\/wp-json\/wp\/v2\/media?parent=326880"}],"curies":[{"name":"wp","href":"https:\/\/api.w.org\/{rel}","templated":true}]}}