{"id":326845,"date":"2021-06-11T11:37:41","date_gmt":"2021-06-11T09:37:41","guid":{"rendered":"https:\/\/letutudanza.it\/kehrt-zuruck"},"modified":"2025-07-11T23:42:48","modified_gmt":"2025-07-11T21:42:48","slug":"kehrt-zuruck","status":"publish","type":"page","link":"https:\/\/www.letutudanza.it\/de\/kehrt-zuruck","title":{"rendered":"Kehrt zur\u00fcck"},"content":{"rendered":"<p>Wenn Sie ein Problem haben, das von unserem technischen Support nicht gel\u00f6st wurde, k\u00f6nnen Sie das Produkt an uns zur\u00fccksenden:<\/p>\n<p>Der erste Schritt besteht darin, den Kundendienst telefonisch unter 0817591676, mit einer WhatsApp-Nachricht unter 3923869821 oder per E-Mail unter <a href=\"mailto:info@letutudanza.it\">info@letutudanza.it<\/a> zu kontaktieren und eine Anfrage zu stellen.<\/p>\n<p><strong>Sie k\u00f6nnen Ihren Kauf innerhalb von 14 Tagen anfechten, eventuelle R\u00fccksendungen m\u00fcssen jedoch zun\u00e4chst genehmigt werden.<\/strong><br \/>\n Produkte m\u00fcssen in ihrer Originalverpackung zur\u00fcckgegeben werden.<br \/>\n F\u00fcr Produkte, die aufgrund unzureichender Verpackung besch\u00e4digt wurden, leisten wir keinen Ersatz.<br \/>\n<strong>Hinweis:<\/strong> Bitte verwenden Sie eine externe Schutzbox, um Sch\u00e4den w\u00e4hrend des Transports zu vermeiden.<br \/>\n Die Produkte der Marke DL Dancewear sind nicht fertig erh\u00e4ltlich, sondern werden zum Zeitpunkt der Bestellung und in etwa 24\/48 Arbeitsstunden hergestellt.<br \/>\n Le Tutu verf\u00fcgt \u00fcber eine interne Schneiderei, die dem Kunden eine gro\u00dfe Auswahl an Modellen, Farben und Gr\u00f6\u00dfen bietet.<br \/>\n Um den Kauf dieser Produkte zu erleichtern, befindet sich in jedem Produkt eine Tabelle (oder Gr\u00f6\u00dfentabelle) mit allen Referenzma\u00dfen.<br \/>\n Daher ist eine R\u00fcckgabe oder ein Umtausch dieser Artikel nicht m\u00f6glich (es sei denn, sie sind defekt).<\/p>\n<p><strong>Hinweis:<\/strong> Alle reduzierten und\/oder im Angebot befindlichen Produkte (Outlet-Bereich) k\u00f6nnen nicht zur\u00fcckgegeben oder ersetzt werden.<br \/>\n Die Strumpfhosen und Tanzunterw\u00e4sche k\u00f6nnen unter keinen Umst\u00e4nden zur\u00fcckgegeben und\/oder umgetauscht werden: Diese Produkte verf\u00fcgen \u00fcber die erforderlichen Spezifikationen in der Beschreibung.<\/p>\n<p>Wir erstatten nicht in bar: Warenumtausch oder Einkaufsgutscheine (voller Warenwert).<\/p>\n<p>Im Falle einer Annahme tr\u00e4gt der Kunde die Kosten f\u00fcr die R\u00fccksendung und anschlie\u00dfend die Kosten f\u00fcr die erneute Lieferung (6,00 \u20ac).<br \/>\nDie Ware wird dann gesendet an: Le Tut\u00f9 &#8211; Via Nazionale delle Puglie, 143\/a &#8211; 80026 Casoria (NA)<\/p>\n<p>Weitere Informationen finden Sie im Men\u00fc Versand und Lieferung.<\/p>\n","protected":false},"excerpt":{"rendered":"<p>Wenn Sie ein Problem haben, das von unserem technischen Support nicht gel\u00f6st wurde, k\u00f6nnen Sie das Produkt an uns zur\u00fccksenden:<\/p>\n","protected":false},"author":1,"featured_media":0,"parent":0,"menu_order":0,"comment_status":"closed","ping_status":"closed","template":"","meta":{"_acf_changed":false,"footnotes":""},"class_list":["post-326845","page","type-page","status-publish","hentry"],"acf":[],"_links":{"self":[{"href":"https:\/\/www.letutudanza.it\/de\/wp-json\/wp\/v2\/pages\/326845","targetHints":{"allow":["GET"]}}],"collection":[{"href":"https:\/\/www.letutudanza.it\/de\/wp-json\/wp\/v2\/pages"}],"about":[{"href":"https:\/\/www.letutudanza.it\/de\/wp-json\/wp\/v2\/types\/page"}],"author":[{"embeddable":true,"href":"https:\/\/www.letutudanza.it\/de\/wp-json\/wp\/v2\/users\/1"}],"replies":[{"embeddable":true,"href":"https:\/\/www.letutudanza.it\/de\/wp-json\/wp\/v2\/comments?post=326845"}],"version-history":[{"count":0,"href":"https:\/\/www.letutudanza.it\/de\/wp-json\/wp\/v2\/pages\/326845\/revisions"}],"wp:attachment":[{"href":"https:\/\/www.letutudanza.it\/de\/wp-json\/wp\/v2\/media?parent=326845"}],"curies":[{"name":"wp","href":"https:\/\/api.w.org\/{rel}","templated":true}]}}